{"id":15296,"date":"2023-11-04T01:51:26","date_gmt":"2023-11-04T00:51:26","guid":{"rendered":"http:\/\/innocentiemangonipiante.it\/malus-x-robusta-red-sentinel\/"},"modified":"2023-11-06T19:09:21","modified_gmt":"2023-11-06T18:09:21","slug":"malus-x-robusta-red-sentinel","status":"publish","type":"product","link":"https:\/\/innocentiemangonipiante.it\/de\/malus-x-robusta-red-sentinel\/","title":{"rendered":"MALUS x robusta &#8218;Red Sentinel&#8216;"},"content":{"rendered":"<p>Breiter leicht herabh\u00e4ngender Wuchs mit eif\u00f6rmigen, dunkelgr\u00fcnen, bis 8cm langen Bl\u00e4ttern. Am Sommerende produziert weisse Bl\u00fcten gefolgt von rotgelben Fr\u00fcchten, die sp\u00e4ter Dunkelrot werden. Widerstandsf\u00e4hig gegen Krebs.<\/p>\n","protected":false},"excerpt":{"rendered":"<p>Breiter leicht herabh\u00e4ngender Wuchs mit eif\u00f6rmigen, dunkelgr\u00fcnen, bis 8cm langen Bl\u00e4ttern. Am Sommerende produziert weisse Bl\u00fcten gefolgt von rotgelben Fr\u00fcchten, die sp\u00e4ter Dunkelrot werden. Widerstandsf\u00e4hig gegen Krebs.<\/p>\n","protected":false},"featured_media":4051,"template":"","meta":{"_acf_changed":false},"product_brand":[],"product_cat":[8813],"product_tag":[10898,8401],"class_list":{"0":"post-15296","1":"product","2":"type-product","3":"status-publish","4":"has-post-thumbnail","6":"product_cat-laubbaume-und-straucher","7":"product_tag-naturlichen","8":"product_tag-hochstamm","9":"pa_altezza-massima-400-de","10":"pa_altezza-massima-600-de","11":"pa_colore-fioritura-weis","12":"pa_condizionamento-clt-de","13":"pa_condizionamento-m-de","14":"pa_famiglia-rosaceae-de","15":"pa_genere-malus-de","16":"pa_origine-neuseeland-de","17":"pa_periodo-fioritura-april-de","18":"pa_periodo-fioritura-mai-de","19":"pa_periodo-fruttificazione-oktober","20":"pa_portamento-piramidale-de","21":"pa_resistenza-climatica-sehr-hoch","22":"pa_resistenza-del-suolo-bestandig-gegen-kalkhaltige-boden","23":"pa_resistenza-del-suolo-bestandigkeit-auf-feuchten-boden","24":"pa_utilizzo-kleine-gaerten","25":"pa_utilizzo-parks-de","27":"first","28":"instock","29":"purchasable","30":"product-type-simple"},"acf":[],"_links":{"self":[{"href":"https:\/\/innocentiemangonipiante.it\/de\/wp-json\/wp\/v2\/product\/15296","targetHints":{"allow":["GET"]}}],"collection":[{"href":"https:\/\/innocentiemangonipiante.it\/de\/wp-json\/wp\/v2\/product"}],"about":[{"href":"https:\/\/innocentiemangonipiante.it\/de\/wp-json\/wp\/v2\/types\/product"}],"wp:featuredmedia":[{"embeddable":true,"href":"https:\/\/innocentiemangonipiante.it\/de\/wp-json\/wp\/v2\/media\/4051"}],"wp:attachment":[{"href":"https:\/\/innocentiemangonipiante.it\/de\/wp-json\/wp\/v2\/media?parent=15296"}],"wp:term":[{"taxonomy":"product_brand","embeddable":true,"href":"https:\/\/innocentiemangonipiante.it\/de\/wp-json\/wp\/v2\/product_brand?post=15296"},{"taxonomy":"product_cat","embeddable":true,"href":"https:\/\/innocentiemangonipiante.it\/de\/wp-json\/wp\/v2\/product_cat?post=15296"},{"taxonomy":"product_tag","embeddable":true,"href":"https:\/\/innocentiemangonipiante.it\/de\/wp-json\/wp\/v2\/product_tag?post=15296"}],"curies":[{"name":"wp","href":"https:\/\/api.w.org\/{rel}","templated":true}]}}