{"id":15298,"date":"2023-11-04T01:51:08","date_gmt":"2023-11-04T00:51:08","guid":{"rendered":"http:\/\/innocentiemangonipiante.it\/malus-x-prairi-fire\/"},"modified":"2023-11-06T19:09:13","modified_gmt":"2023-11-06T18:09:13","slug":"malus-x-prairi-fire","status":"publish","type":"product","link":"https:\/\/innocentiemangonipiante.it\/de\/malus-x-prairi-fire\/","title":{"rendered":"MALUS x &#8218;Prairi Fire&#8216;"},"content":{"rendered":"<p>Apfelbaum der im Mai bl\u00fcht, aus cremefarbenen Knospen, die in lila-rot Bl\u00fcten. Die dunkelrote Rinde ist \u00e4hnlich einer Kirsche. Orange leuchtende Bl\u00e4tter, kegelf\u00f6rmigen Fr\u00fcchte im Herbst. Resistent gegen Krankheiten. Das Wachstum ist niedrig, dicht und abgerundet.<\/p>\n","protected":false},"excerpt":{"rendered":"<p>Apfelbaum der im Mai bl\u00fcht, aus cremefarbenen Knospen, die in lila-rot Bl\u00fcten. Die dunkelrote Rinde ist \u00e4hnlich einer Kirsche. Orange leuchtende Bl\u00e4tter, kegelf\u00f6rmigen Fr\u00fcchte im Herbst. Resistent gegen Krankheiten. Das Wachstum ist niedrig, dicht und abgerundet.<\/p>\n","protected":false},"featured_media":4043,"template":"","meta":{"_acf_changed":false},"product_brand":[],"product_cat":[8813],"product_tag":[10898,8401],"class_list":{"0":"post-15298","1":"product","2":"type-product","3":"status-publish","4":"has-post-thumbnail","6":"product_cat-laubbaume-und-straucher","7":"product_tag-naturlichen","8":"product_tag-hochstamm","9":"pa_altezza-massima-400-de","10":"pa_altezza-massima-600-de","11":"pa_colore-delle-foglie-roten","12":"pa_colore-fioritura-rot","13":"pa_condizionamento-clt-de","14":"pa_condizionamento-m-de","15":"pa_famiglia-rosaceae-de","16":"pa_genere-malus-de","17":"pa_origine-u-s-a","18":"pa_periodo-fioritura-mai-de","19":"pa_periodo-fruttificazione-oktober","20":"pa_periodo-fruttificazione-september-de","21":"pa_portamento-arrotondato-de","22":"pa_resistenza-climatica-sehr-hoch","23":"pa_resistenza-del-suolo-bestandig-gegen-kalkhaltige-boden","24":"pa_resistenza-del-suolo-bestandigkeit-auf-feuchten-boden","25":"pa_utilizzo-kleine-gaerten","26":"pa_utilizzo-parks-de","28":"first","29":"instock","30":"purchasable","31":"product-type-simple"},"acf":[],"_links":{"self":[{"href":"https:\/\/innocentiemangonipiante.it\/de\/wp-json\/wp\/v2\/product\/15298","targetHints":{"allow":["GET"]}}],"collection":[{"href":"https:\/\/innocentiemangonipiante.it\/de\/wp-json\/wp\/v2\/product"}],"about":[{"href":"https:\/\/innocentiemangonipiante.it\/de\/wp-json\/wp\/v2\/types\/product"}],"wp:featuredmedia":[{"embeddable":true,"href":"https:\/\/innocentiemangonipiante.it\/de\/wp-json\/wp\/v2\/media\/4043"}],"wp:attachment":[{"href":"https:\/\/innocentiemangonipiante.it\/de\/wp-json\/wp\/v2\/media?parent=15298"}],"wp:term":[{"taxonomy":"product_brand","embeddable":true,"href":"https:\/\/innocentiemangonipiante.it\/de\/wp-json\/wp\/v2\/product_brand?post=15298"},{"taxonomy":"product_cat","embeddable":true,"href":"https:\/\/innocentiemangonipiante.it\/de\/wp-json\/wp\/v2\/product_cat?post=15298"},{"taxonomy":"product_tag","embeddable":true,"href":"https:\/\/innocentiemangonipiante.it\/de\/wp-json\/wp\/v2\/product_tag?post=15298"}],"curies":[{"name":"wp","href":"https:\/\/api.w.org\/{rel}","templated":true}]}}