{"id":15299,"date":"2023-11-04T01:50:17","date_gmt":"2023-11-04T00:50:17","guid":{"rendered":"http:\/\/innocentiemangonipiante.it\/malus-evereste\/"},"modified":"2023-11-06T19:08:50","modified_gmt":"2023-11-06T18:08:50","slug":"malus-evereste","status":"publish","type":"product","link":"https:\/\/innocentiemangonipiante.it\/de\/malus-evereste\/","title":{"rendered":"MALUS &#8218;Evereste&#8216; \u00ae"},"content":{"rendered":"<p>Kegelf\u00f6rmiger Baum mit ovalen dukelgr\u00fcnen Bl\u00e4ttern 8 bis 11 cm lang. Am Fr\u00fchlingsende produziert es eine grosse Menge an weissen Bl\u00fcten, gefolgt von orange-gelben Fr\u00fcchten.<\/p>\n","protected":false},"excerpt":{"rendered":"<p>Kegelf\u00f6rmiger Baum mit ovalen dukelgr\u00fcnen Bl\u00e4ttern 8 bis 11 cm lang. Am Fr\u00fchlingsende produziert es eine grosse Menge an weissen Bl\u00fcten, gefolgt von orange-gelben Fr\u00fcchten.<\/p>\n","protected":false},"featured_media":4025,"template":"","meta":{"_acf_changed":false},"product_brand":[],"product_cat":[8813,9231],"product_tag":[10898],"class_list":{"0":"post-15299","1":"product","2":"type-product","3":"status-publish","4":"has-post-thumbnail","6":"product_cat-laubbaume-und-straucher","7":"product_cat-baume-und-pflanzen-der-zukunft","8":"product_tag-naturlichen","9":"pa_altezza-massima-400-de","10":"pa_altezza-massima-600-de","11":"pa_colore-fioritura-weis","12":"pa_famiglia-rosaceae-de","13":"pa_genere-malus-de","14":"pa_origine-frankreich","15":"pa_periodo-fioritura-april-de","16":"pa_periodo-fioritura-mai-de","17":"pa_periodo-fruttificazione-oktober","18":"pa_periodo-fruttificazione-september-de","19":"pa_portamento-piramidale-de","20":"pa_resistenza-climatica-sehr-hoch","21":"pa_resistenza-del-suolo-bestandig-gegen-kalkhaltige-boden","22":"pa_resistenza-del-suolo-bestandigkeit-auf-feuchten-boden","23":"pa_utilizzo-kleine-gaerten","24":"pa_utilizzo-parks-de","26":"first","27":"instock","28":"purchasable","29":"product-type-simple"},"acf":[],"_links":{"self":[{"href":"https:\/\/innocentiemangonipiante.it\/de\/wp-json\/wp\/v2\/product\/15299","targetHints":{"allow":["GET"]}}],"collection":[{"href":"https:\/\/innocentiemangonipiante.it\/de\/wp-json\/wp\/v2\/product"}],"about":[{"href":"https:\/\/innocentiemangonipiante.it\/de\/wp-json\/wp\/v2\/types\/product"}],"wp:featuredmedia":[{"embeddable":true,"href":"https:\/\/innocentiemangonipiante.it\/de\/wp-json\/wp\/v2\/media\/4025"}],"wp:attachment":[{"href":"https:\/\/innocentiemangonipiante.it\/de\/wp-json\/wp\/v2\/media?parent=15299"}],"wp:term":[{"taxonomy":"product_brand","embeddable":true,"href":"https:\/\/innocentiemangonipiante.it\/de\/wp-json\/wp\/v2\/product_brand?post=15299"},{"taxonomy":"product_cat","embeddable":true,"href":"https:\/\/innocentiemangonipiante.it\/de\/wp-json\/wp\/v2\/product_cat?post=15299"},{"taxonomy":"product_tag","embeddable":true,"href":"https:\/\/innocentiemangonipiante.it\/de\/wp-json\/wp\/v2\/product_tag?post=15299"}],"curies":[{"name":"wp","href":"https:\/\/api.w.org\/{rel}","templated":true}]}}