{"id":15301,"date":"2023-11-04T01:54:40","date_gmt":"2023-11-04T00:54:40","guid":{"rendered":"http:\/\/innocentiemangonipiante.it\/mangave-red-wing\/"},"modified":"2023-11-06T19:11:20","modified_gmt":"2023-11-06T18:11:20","slug":"mangave-red-wing","status":"publish","type":"product","link":"https:\/\/innocentiemangonipiante.it\/de\/mangave-red-wing\/","title":{"rendered":"MANGAVE &#8218;Red Wing&#8216; \u00ae"},"content":{"rendered":"<p>Graugr\u00fcne, dicke und gew\u00f6lbte Bl\u00e4tter mit gezackten R\u00e4ndern.<\/p>\n","protected":false},"excerpt":{"rendered":"<p>Graugr\u00fcne, dicke und gew\u00f6lbte Bl\u00e4tter mit gezackten R\u00e4ndern.<\/p>\n","protected":false},"featured_media":0,"template":"","meta":{"_acf_changed":false},"product_brand":[],"product_cat":[8832,9231],"product_tag":[10898],"class_list":{"0":"post-15301","1":"product","2":"type-product","3":"status-publish","5":"product_cat-palmartig-und-saftig","6":"product_cat-baume-und-pflanzen-der-zukunft","7":"product_tag-naturlichen","8":"pa_altezza-massima-0_20-meter","9":"pa_altezza-massima-0_25-meter","10":"pa_condizionamento-schale","11":"pa_famiglia-asparagaceae-de","12":"pa_genere-mangave-de","13":"pa_origine-mexiko","14":"pa_portamento-eretto-de","15":"pa_resistenza-climatica-pflanzen-mit-geringem-klimawiderstand","16":"pa_utilizzo-balkone","17":"pa_utilizzo-kleine-gaerten","19":"first","20":"instock","21":"purchasable","22":"product-type-simple"},"acf":[],"_links":{"self":[{"href":"https:\/\/innocentiemangonipiante.it\/de\/wp-json\/wp\/v2\/product\/15301","targetHints":{"allow":["GET"]}}],"collection":[{"href":"https:\/\/innocentiemangonipiante.it\/de\/wp-json\/wp\/v2\/product"}],"about":[{"href":"https:\/\/innocentiemangonipiante.it\/de\/wp-json\/wp\/v2\/types\/product"}],"wp:attachment":[{"href":"https:\/\/innocentiemangonipiante.it\/de\/wp-json\/wp\/v2\/media?parent=15301"}],"wp:term":[{"taxonomy":"product_brand","embeddable":true,"href":"https:\/\/innocentiemangonipiante.it\/de\/wp-json\/wp\/v2\/product_brand?post=15301"},{"taxonomy":"product_cat","embeddable":true,"href":"https:\/\/innocentiemangonipiante.it\/de\/wp-json\/wp\/v2\/product_cat?post=15301"},{"taxonomy":"product_tag","embeddable":true,"href":"https:\/\/innocentiemangonipiante.it\/de\/wp-json\/wp\/v2\/product_tag?post=15301"}],"curies":[{"name":"wp","href":"https:\/\/api.w.org\/{rel}","templated":true}]}}