{"id":15302,"date":"2023-11-04T01:54:47","date_gmt":"2023-11-04T00:54:47","guid":{"rendered":"http:\/\/innocentiemangonipiante.it\/mangave-silver-fox\/"},"modified":"2023-11-06T19:11:23","modified_gmt":"2023-11-06T18:11:23","slug":"mangave-silver-fox","status":"publish","type":"product","link":"https:\/\/innocentiemangonipiante.it\/de\/mangave-silver-fox\/","title":{"rendered":"MANGAVE &#8218;Silver Fox&#8216;"},"content":{"rendered":"<p>Sorten mit anf\u00e4nglich gr\u00fcnen Bl\u00e4ttern, die w\u00e4hrend des Wachstums rot-burgunderrot werden, starr, lanzettlich und mit gekerbtem Rand.<\/p>\n","protected":false},"excerpt":{"rendered":"<p>Sorten mit anf\u00e4nglich gr\u00fcnen Bl\u00e4ttern, die w\u00e4hrend des Wachstums rot-burgunderrot werden, starr, lanzettlich und mit gekerbtem Rand.<\/p>\n","protected":false},"featured_media":4082,"template":"","meta":{"_acf_changed":false},"product_brand":[],"product_cat":[8832,9231],"product_tag":[10898],"class_list":{"0":"post-15302","1":"product","2":"type-product","3":"status-publish","4":"has-post-thumbnail","6":"product_cat-palmartig-und-saftig","7":"product_cat-baume-und-pflanzen-der-zukunft","8":"product_tag-naturlichen","9":"pa_altezza-massima-0_20-meter","10":"pa_altezza-massima-0_25-meter","11":"pa_famiglia-asparagaceae-de","12":"pa_genere-mangave-de","13":"pa_origine-mexiko","14":"pa_portamento-eretto-de","15":"pa_resistenza-climatica-pflanzen-mit-geringem-klimawiderstand","16":"pa_utilizzo-balkone","17":"pa_utilizzo-kleine-gaerten","19":"first","20":"instock","21":"purchasable","22":"product-type-simple"},"acf":[],"_links":{"self":[{"href":"https:\/\/innocentiemangonipiante.it\/de\/wp-json\/wp\/v2\/product\/15302","targetHints":{"allow":["GET"]}}],"collection":[{"href":"https:\/\/innocentiemangonipiante.it\/de\/wp-json\/wp\/v2\/product"}],"about":[{"href":"https:\/\/innocentiemangonipiante.it\/de\/wp-json\/wp\/v2\/types\/product"}],"wp:featuredmedia":[{"embeddable":true,"href":"https:\/\/innocentiemangonipiante.it\/de\/wp-json\/wp\/v2\/media\/4082"}],"wp:attachment":[{"href":"https:\/\/innocentiemangonipiante.it\/de\/wp-json\/wp\/v2\/media?parent=15302"}],"wp:term":[{"taxonomy":"product_brand","embeddable":true,"href":"https:\/\/innocentiemangonipiante.it\/de\/wp-json\/wp\/v2\/product_brand?post=15302"},{"taxonomy":"product_cat","embeddable":true,"href":"https:\/\/innocentiemangonipiante.it\/de\/wp-json\/wp\/v2\/product_cat?post=15302"},{"taxonomy":"product_tag","embeddable":true,"href":"https:\/\/innocentiemangonipiante.it\/de\/wp-json\/wp\/v2\/product_tag?post=15302"}],"curies":[{"name":"wp","href":"https:\/\/api.w.org\/{rel}","templated":true}]}}