{"id":15305,"date":"2023-11-04T01:54:21","date_gmt":"2023-11-04T00:54:21","guid":{"rendered":"http:\/\/innocentiemangonipiante.it\/mangave-mission-to-mars\/"},"modified":"2023-11-06T19:11:10","modified_gmt":"2023-11-06T18:11:10","slug":"mangave-mission-to-mars","status":"publish","type":"product","link":"https:\/\/innocentiemangonipiante.it\/de\/mangave-mission-to-mars\/","title":{"rendered":"MANGAVE &#8218;Mission to Mars&#8216; \u00ae"},"content":{"rendered":"<p>Dicke gr\u00fcne Bl\u00e4tter sind reichlich mit Burgunderrot gefleckt, im zentralen Teil sind sie tief nach oben gekr\u00fcmmt.<\/p>\n","protected":false},"excerpt":{"rendered":"<p>Dicke gr\u00fcne Bl\u00e4tter sind reichlich mit Burgunderrot gefleckt, im zentralen Teil sind sie tief nach oben gekr\u00fcmmt.<\/p>\n","protected":false},"featured_media":4063,"template":"","meta":{"_acf_changed":false},"product_brand":[],"product_cat":[8832,9231],"product_tag":[10898],"class_list":{"0":"post-15305","1":"product","2":"type-product","3":"status-publish","4":"has-post-thumbnail","6":"product_cat-palmartig-und-saftig","7":"product_cat-baume-und-pflanzen-der-zukunft","8":"product_tag-naturlichen","9":"pa_altezza-massima-0_20-meter","10":"pa_altezza-massima-0_25-meter","11":"pa_colore-delle-foglie-vielfaeltigen","12":"pa_condizionamento-schale","13":"pa_famiglia-asparagaceae-de","14":"pa_genere-mangave-de","15":"pa_origine-mexiko","16":"pa_portamento-eretto-de","17":"pa_resistenza-climatica-sehr-niedrig","18":"pa_utilizzo-balkone","19":"pa_utilizzo-kleine-gaerten","21":"first","22":"instock","23":"purchasable","24":"product-type-simple"},"acf":[],"_links":{"self":[{"href":"https:\/\/innocentiemangonipiante.it\/de\/wp-json\/wp\/v2\/product\/15305","targetHints":{"allow":["GET"]}}],"collection":[{"href":"https:\/\/innocentiemangonipiante.it\/de\/wp-json\/wp\/v2\/product"}],"about":[{"href":"https:\/\/innocentiemangonipiante.it\/de\/wp-json\/wp\/v2\/types\/product"}],"wp:featuredmedia":[{"embeddable":true,"href":"https:\/\/innocentiemangonipiante.it\/de\/wp-json\/wp\/v2\/media\/4063"}],"wp:attachment":[{"href":"https:\/\/innocentiemangonipiante.it\/de\/wp-json\/wp\/v2\/media?parent=15305"}],"wp:term":[{"taxonomy":"product_brand","embeddable":true,"href":"https:\/\/innocentiemangonipiante.it\/de\/wp-json\/wp\/v2\/product_brand?post=15305"},{"taxonomy":"product_cat","embeddable":true,"href":"https:\/\/innocentiemangonipiante.it\/de\/wp-json\/wp\/v2\/product_cat?post=15305"},{"taxonomy":"product_tag","embeddable":true,"href":"https:\/\/innocentiemangonipiante.it\/de\/wp-json\/wp\/v2\/product_tag?post=15305"}],"curies":[{"name":"wp","href":"https:\/\/api.w.org\/{rel}","templated":true}]}}