{"id":15306,"date":"2023-11-04T01:54:15","date_gmt":"2023-11-04T00:54:15","guid":{"rendered":"http:\/\/innocentiemangonipiante.it\/mangave-lavender-lady\/"},"modified":"2023-11-06T19:11:07","modified_gmt":"2023-11-06T18:11:07","slug":"mangave-lavender-lady","status":"publish","type":"product","link":"https:\/\/innocentiemangonipiante.it\/de\/mangave-lavender-lady\/","title":{"rendered":"MANGAVE &#8218;Lavender Lady&#8216; \u00ae"},"content":{"rendered":"<p>Salbeigr\u00fcne Bl\u00e4tter mit violetten Schattierungen, die mit zunehmendem Alter vollst\u00e4ndig gr\u00fcn werden. Im oberen Teil befinden sich Punkte von burgundervioletter Farbe.<\/p>\n","protected":false},"excerpt":{"rendered":"<p>Salbeigr\u00fcne Bl\u00e4tter mit violetten Schattierungen, die mit zunehmendem Alter vollst\u00e4ndig gr\u00fcn werden. Im oberen Teil befinden sich Punkte von burgundervioletter Farbe.<\/p>\n","protected":false},"featured_media":4057,"template":"","meta":{"_acf_changed":false},"product_brand":[],"product_cat":[8832,9231],"product_tag":[10898],"class_list":{"0":"post-15306","1":"product","2":"type-product","3":"status-publish","4":"has-post-thumbnail","6":"product_cat-palmartig-und-saftig","7":"product_cat-baume-und-pflanzen-der-zukunft","8":"product_tag-naturlichen","9":"pa_altezza-massima-0_20-meter","10":"pa_altezza-massima-0_25-meter","11":"pa_colore-delle-foglie-vielfaeltigen","12":"pa_famiglia-asparagaceae-de","13":"pa_genere-mangave-de","14":"pa_origine-mexiko","15":"pa_portamento-eretto-de","16":"pa_resistenza-climatica-pflanzen-mit-geringem-klimawiderstand","17":"pa_utilizzo-balkone","18":"pa_utilizzo-kleine-gaerten","20":"first","21":"instock","22":"purchasable","23":"product-type-simple"},"acf":[],"_links":{"self":[{"href":"https:\/\/innocentiemangonipiante.it\/de\/wp-json\/wp\/v2\/product\/15306","targetHints":{"allow":["GET"]}}],"collection":[{"href":"https:\/\/innocentiemangonipiante.it\/de\/wp-json\/wp\/v2\/product"}],"about":[{"href":"https:\/\/innocentiemangonipiante.it\/de\/wp-json\/wp\/v2\/types\/product"}],"wp:featuredmedia":[{"embeddable":true,"href":"https:\/\/innocentiemangonipiante.it\/de\/wp-json\/wp\/v2\/media\/4057"}],"wp:attachment":[{"href":"https:\/\/innocentiemangonipiante.it\/de\/wp-json\/wp\/v2\/media?parent=15306"}],"wp:term":[{"taxonomy":"product_brand","embeddable":true,"href":"https:\/\/innocentiemangonipiante.it\/de\/wp-json\/wp\/v2\/product_brand?post=15306"},{"taxonomy":"product_cat","embeddable":true,"href":"https:\/\/innocentiemangonipiante.it\/de\/wp-json\/wp\/v2\/product_cat?post=15306"},{"taxonomy":"product_tag","embeddable":true,"href":"https:\/\/innocentiemangonipiante.it\/de\/wp-json\/wp\/v2\/product_tag?post=15306"}],"curies":[{"name":"wp","href":"https:\/\/api.w.org\/{rel}","templated":true}]}}