{"id":15307,"date":"2023-11-04T01:55:02","date_gmt":"2023-11-04T00:55:02","guid":{"rendered":"http:\/\/innocentiemangonipiante.it\/melia-azedarach\/"},"modified":"2023-11-06T19:11:30","modified_gmt":"2023-11-06T18:11:30","slug":"melia-azedarach","status":"publish","type":"product","link":"https:\/\/innocentiemangonipiante.it\/de\/melia-azedarach\/","title":{"rendered":"MELIA azedarach"},"content":{"rendered":"<p>Schnellwachsender sommergr\u00fcner Baum mit Fiederbl\u00e4ttern, die aus zahlreichen eif\u00f6rmigen und elliptischen gr\u00fcnen und gez\u00e4hnten Bl\u00e4ttchen bestehen. Ende Fr\u00fchjahr lilafarbige Bl\u00fcten, aus denen gelbe Fr\u00fcchte hervorgehen.<\/p>\n","protected":false},"excerpt":{"rendered":"<p>Schnellwachsender sommergr\u00fcner Baum mit Fiederbl\u00e4ttern, die aus zahlreichen eif\u00f6rmigen und elliptischen gr\u00fcnen und gez\u00e4hnten Bl\u00e4ttchen bestehen. Ende Fr\u00fchjahr lilafarbige Bl\u00fcten, aus denen gelbe Fr\u00fcchte hervorgehen.<\/p>\n","protected":false},"featured_media":4088,"template":"","meta":{"_acf_changed":false},"product_brand":[],"product_cat":[8813,9231],"product_tag":[10898,8401,8597],"class_list":{"0":"post-15307","1":"product","2":"type-product","3":"status-publish","4":"has-post-thumbnail","6":"product_cat-laubbaume-und-straucher","7":"product_cat-baume-und-pflanzen-der-zukunft","8":"product_tag-naturlichen","9":"product_tag-hochstamm","10":"product_tag-multistamm","11":"pa_altezza-massima-1000-de-2","12":"pa_altezza-massima-15-meter","13":"pa_colore-fioritura-lila","14":"pa_condizionamento-clt-de","15":"pa_famiglia-meliaceae-de","16":"pa_genere-melia-de","17":"pa_origine-asien","18":"pa_periodo-fioritura-juni","19":"pa_periodo-fioritura-mai-de","20":"pa_periodo-fruttificazione-oktober","21":"pa_portamento-arrotondato-de","22":"pa_profumo-zart","23":"pa_resistenza-climatica-pflanzen-mit-geringem-klimawiderstand","24":"pa_resistenza-del-suolo-bestandig-gegen-kalkhaltige-boden","25":"pa_resistenza-del-suolo-bestandig-gegen-trockene-boden","26":"pa_salinita-bestaendigkeit-in-meeresluft","27":"pa_utilizzo-parks-de","29":"first","30":"instock","31":"purchasable","32":"product-type-simple"},"acf":[],"_links":{"self":[{"href":"https:\/\/innocentiemangonipiante.it\/de\/wp-json\/wp\/v2\/product\/15307","targetHints":{"allow":["GET"]}}],"collection":[{"href":"https:\/\/innocentiemangonipiante.it\/de\/wp-json\/wp\/v2\/product"}],"about":[{"href":"https:\/\/innocentiemangonipiante.it\/de\/wp-json\/wp\/v2\/types\/product"}],"wp:featuredmedia":[{"embeddable":true,"href":"https:\/\/innocentiemangonipiante.it\/de\/wp-json\/wp\/v2\/media\/4088"}],"wp:attachment":[{"href":"https:\/\/innocentiemangonipiante.it\/de\/wp-json\/wp\/v2\/media?parent=15307"}],"wp:term":[{"taxonomy":"product_brand","embeddable":true,"href":"https:\/\/innocentiemangonipiante.it\/de\/wp-json\/wp\/v2\/product_brand?post=15307"},{"taxonomy":"product_cat","embeddable":true,"href":"https:\/\/innocentiemangonipiante.it\/de\/wp-json\/wp\/v2\/product_cat?post=15307"},{"taxonomy":"product_tag","embeddable":true,"href":"https:\/\/innocentiemangonipiante.it\/de\/wp-json\/wp\/v2\/product_tag?post=15307"}],"curies":[{"name":"wp","href":"https:\/\/api.w.org\/{rel}","templated":true}]}}