{"id":15308,"date":"2023-11-04T01:55:22","date_gmt":"2023-11-04T00:55:22","guid":{"rendered":"http:\/\/innocentiemangonipiante.it\/metasequoia-glyptostroboides\/"},"modified":"2023-11-06T19:11:42","modified_gmt":"2023-11-06T18:11:42","slug":"metasequoia-glyptostroboides","status":"publish","type":"product","link":"https:\/\/innocentiemangonipiante.it\/de\/metasequoia-glyptostroboides\/","title":{"rendered":"METASEQUOIA glyptostroboides"},"content":{"rendered":"<p>Sommergr\u00fcner schnell wachsender kegelf\u00f6rmiger Nadelbaum. Die Bl\u00e4tter sind weich und gr\u00fcn bronzefarben im Herbst. Die Rinde ist braun orangefarben. Weibliche eif\u00f6rmige Fruchtzapfen und rundliche m\u00e4nnliche braune Zapfen, die nach unten h\u00e4ngen.<\/p>\n","protected":false},"excerpt":{"rendered":"<p>Sommergr\u00fcner schnell wachsender kegelf\u00f6rmiger Nadelbaum. Die Bl\u00e4tter sind weich und gr\u00fcn bronzefarben im Herbst. Die Rinde ist braun orangefarben. Weibliche eif\u00f6rmige Fruchtzapfen und rundliche m\u00e4nnliche braune Zapfen, die nach unten h\u00e4ngen.<\/p>\n","protected":false},"featured_media":4094,"template":"","meta":{"_acf_changed":false},"product_brand":[],"product_cat":[8825,9231],"product_tag":[10898,8401],"class_list":{"0":"post-15308","1":"product","2":"type-product","3":"status-publish","4":"has-post-thumbnail","6":"product_cat-koniferen","7":"product_cat-baume-und-pflanzen-der-zukunft","8":"product_tag-naturlichen","9":"product_tag-hochstamm","10":"pa_altezza-massima-25-meter","11":"pa_altezza-massima-35-meter","12":"pa_condizionamento-clt-de","13":"pa_condizionamento-m-de","14":"pa_famiglia-taxodiaceae-de","15":"pa_genere-metasequoia-de","16":"pa_inquinamento-bestaendigkeit-gegen-smog","17":"pa_origine-ostasien","18":"pa_portamento-piramidale-de","19":"pa_resistenza-climatica-sehr-hoch","20":"pa_resistenza-del-suolo-bestandig-gegen-kalkhaltige-boden","21":"pa_utilizzo-parks-de","23":"first","24":"instock","25":"purchasable","26":"product-type-simple"},"acf":[],"_links":{"self":[{"href":"https:\/\/innocentiemangonipiante.it\/de\/wp-json\/wp\/v2\/product\/15308","targetHints":{"allow":["GET"]}}],"collection":[{"href":"https:\/\/innocentiemangonipiante.it\/de\/wp-json\/wp\/v2\/product"}],"about":[{"href":"https:\/\/innocentiemangonipiante.it\/de\/wp-json\/wp\/v2\/types\/product"}],"wp:featuredmedia":[{"embeddable":true,"href":"https:\/\/innocentiemangonipiante.it\/de\/wp-json\/wp\/v2\/media\/4094"}],"wp:attachment":[{"href":"https:\/\/innocentiemangonipiante.it\/de\/wp-json\/wp\/v2\/media?parent=15308"}],"wp:term":[{"taxonomy":"product_brand","embeddable":true,"href":"https:\/\/innocentiemangonipiante.it\/de\/wp-json\/wp\/v2\/product_brand?post=15308"},{"taxonomy":"product_cat","embeddable":true,"href":"https:\/\/innocentiemangonipiante.it\/de\/wp-json\/wp\/v2\/product_cat?post=15308"},{"taxonomy":"product_tag","embeddable":true,"href":"https:\/\/innocentiemangonipiante.it\/de\/wp-json\/wp\/v2\/product_tag?post=15308"}],"curies":[{"name":"wp","href":"https:\/\/api.w.org\/{rel}","templated":true}]}}