{"id":15309,"date":"2023-11-04T01:55:42","date_gmt":"2023-11-04T00:55:42","guid":{"rendered":"http:\/\/innocentiemangonipiante.it\/metrosideros-tomentosa\/"},"modified":"2023-11-06T19:12:16","modified_gmt":"2023-11-06T18:12:16","slug":"metrosideros-tomentosa","status":"publish","type":"product","link":"https:\/\/innocentiemangonipiante.it\/de\/metrosideros-tomentosa\/","title":{"rendered":"METROSIDEROS tomentosa"},"content":{"rendered":"<p>Immergr\u00fcner aufrechter Baum mit gl\u00e4nzenden gr\u00fcnen Bl\u00e4ttern auf der Oberseite und wei\u00df flaumig auf der Unterseite. Im Sommer zieren Bl\u00fcten mit roten Staubf\u00e4den und goldenen Spitzen die Kronen.<\/p>\n","protected":false},"excerpt":{"rendered":"<p>Immergr\u00fcner aufrechter Baum mit gl\u00e4nzenden gr\u00fcnen Bl\u00e4ttern auf der Oberseite und wei\u00df flaumig auf der Unterseite. Im Sommer zieren Bl\u00fcten mit roten Staubf\u00e4den und goldenen Spitzen die Kronen.<\/p>\n","protected":false},"featured_media":4106,"template":"","meta":{"_acf_changed":false},"product_brand":[],"product_cat":[8816],"product_tag":[10898],"class_list":{"0":"post-15309","1":"product","2":"type-product","3":"status-publish","4":"has-post-thumbnail","6":"product_cat-hartnaeckige-baeume-und-straeucher","7":"product_tag-naturlichen","8":"pa_altezza-massima-15-meter","9":"pa_altezza-massima-20-meter","10":"pa_colore-fioritura-rot","11":"pa_condizionamento-clt-de","12":"pa_famiglia-myrtaceae-de","13":"pa_genere-metrosideros-de","14":"pa_origine-mitteleuropa","15":"pa_periodo-fioritura-april-de","16":"pa_periodo-fioritura-juli","17":"pa_periodo-fioritura-juni","18":"pa_periodo-fioritura-mai-de","19":"pa_portamento-saulenformig","20":"pa_resistenza-climatica-mittel","21":"pa_resistenza-del-suolo-bestandig-gegen-trockene-boden","22":"pa_utilizzo-hecken","23":"pa_utilizzo-kleine-gaerten","24":"pa_utilizzo-parks-de","26":"first","27":"instock","28":"purchasable","29":"product-type-simple"},"acf":[],"_links":{"self":[{"href":"https:\/\/innocentiemangonipiante.it\/de\/wp-json\/wp\/v2\/product\/15309","targetHints":{"allow":["GET"]}}],"collection":[{"href":"https:\/\/innocentiemangonipiante.it\/de\/wp-json\/wp\/v2\/product"}],"about":[{"href":"https:\/\/innocentiemangonipiante.it\/de\/wp-json\/wp\/v2\/types\/product"}],"wp:featuredmedia":[{"embeddable":true,"href":"https:\/\/innocentiemangonipiante.it\/de\/wp-json\/wp\/v2\/media\/4106"}],"wp:attachment":[{"href":"https:\/\/innocentiemangonipiante.it\/de\/wp-json\/wp\/v2\/media?parent=15309"}],"wp:term":[{"taxonomy":"product_brand","embeddable":true,"href":"https:\/\/innocentiemangonipiante.it\/de\/wp-json\/wp\/v2\/product_brand?post=15309"},{"taxonomy":"product_cat","embeddable":true,"href":"https:\/\/innocentiemangonipiante.it\/de\/wp-json\/wp\/v2\/product_cat?post=15309"},{"taxonomy":"product_tag","embeddable":true,"href":"https:\/\/innocentiemangonipiante.it\/de\/wp-json\/wp\/v2\/product_tag?post=15309"}],"curies":[{"name":"wp","href":"https:\/\/api.w.org\/{rel}","templated":true}]}}