{"id":15310,"date":"2023-11-04T01:55:35","date_gmt":"2023-11-04T00:55:35","guid":{"rendered":"http:\/\/innocentiemangonipiante.it\/metrosideros-kermadecensis-variegata\/"},"modified":"2023-11-06T19:11:49","modified_gmt":"2023-11-06T18:11:49","slug":"metrosideros-kermadecensis-variegata","status":"publish","type":"product","link":"https:\/\/innocentiemangonipiante.it\/de\/metrosideros-kermadecensis-variegata\/","title":{"rendered":"METROSIDEROS kermadecensis &#8218;Variegata&#8216;"},"content":{"rendered":"<p>Dunkelgr\u00fcne bis graugr\u00fcne Bl\u00e4tter mit weit und unregelm\u00e4\u00dfigen cremewei\u00dfen R\u00e4ndern.<\/p>\n","protected":false},"excerpt":{"rendered":"<p>Dunkelgr\u00fcne bis graugr\u00fcne Bl\u00e4tter mit weit und unregelm\u00e4\u00dfigen cremewei\u00dfen R\u00e4ndern.<\/p>\n","protected":false},"featured_media":4100,"template":"","meta":{"_acf_changed":false},"product_brand":[],"product_cat":[8816],"product_tag":[10898],"class_list":{"0":"post-15310","1":"product","2":"type-product","3":"status-publish","4":"has-post-thumbnail","6":"product_cat-hartnaeckige-baeume-und-straeucher","7":"product_tag-naturlichen","8":"pa_altezza-massima-300-de","9":"pa_altezza-massima-500-de","10":"pa_colore-delle-foglie-vielfaeltigen","11":"pa_colore-fioritura-rot","12":"pa_condizionamento-clt-de","13":"pa_famiglia-myrtaceae-de","14":"pa_genere-metrosideros-de","15":"pa_origine-neuseeland-de","16":"pa_periodo-fioritura-juli","17":"pa_periodo-fioritura-juni","18":"pa_portamento-arrotondato-de","19":"pa_resistenza-climatica-sehr-niedrig","20":"pa_salinita-bestaendigkeit-in-meeresluft","21":"pa_utilizzo-hecken","22":"pa_utilizzo-kleine-gaerten","23":"pa_utilizzo-parks-de","25":"first","26":"instock","27":"purchasable","28":"product-type-simple"},"acf":[],"_links":{"self":[{"href":"https:\/\/innocentiemangonipiante.it\/de\/wp-json\/wp\/v2\/product\/15310","targetHints":{"allow":["GET"]}}],"collection":[{"href":"https:\/\/innocentiemangonipiante.it\/de\/wp-json\/wp\/v2\/product"}],"about":[{"href":"https:\/\/innocentiemangonipiante.it\/de\/wp-json\/wp\/v2\/types\/product"}],"wp:featuredmedia":[{"embeddable":true,"href":"https:\/\/innocentiemangonipiante.it\/de\/wp-json\/wp\/v2\/media\/4100"}],"wp:attachment":[{"href":"https:\/\/innocentiemangonipiante.it\/de\/wp-json\/wp\/v2\/media?parent=15310"}],"wp:term":[{"taxonomy":"product_brand","embeddable":true,"href":"https:\/\/innocentiemangonipiante.it\/de\/wp-json\/wp\/v2\/product_brand?post=15310"},{"taxonomy":"product_cat","embeddable":true,"href":"https:\/\/innocentiemangonipiante.it\/de\/wp-json\/wp\/v2\/product_cat?post=15310"},{"taxonomy":"product_tag","embeddable":true,"href":"https:\/\/innocentiemangonipiante.it\/de\/wp-json\/wp\/v2\/product_tag?post=15310"}],"curies":[{"name":"wp","href":"https:\/\/api.w.org\/{rel}","templated":true}]}}