{"id":15311,"date":"2023-11-04T01:57:56","date_gmt":"2023-11-04T00:57:56","guid":{"rendered":"http:\/\/innocentiemangonipiante.it\/morus-alba-globosa\/"},"modified":"2023-11-06T19:13:12","modified_gmt":"2023-11-06T18:13:12","slug":"morus-alba-globosa","status":"publish","type":"product","link":"https:\/\/innocentiemangonipiante.it\/de\/morus-alba-globosa\/","title":{"rendered":"MORUS alba &#8218;Globosa&#8216;"},"content":{"rendered":"<p>Kleiner Baum mit regelm\u00e4\u00dfiger, kugelf\u00f6rmiger, langsam wachsender Krone, die eine H\u00f6he von 1-2 M und eine \u00e4hnliche Breite erreicht. Sehr interessante Abwechslung f\u00fcr kleine G\u00e4rten.<\/p>\n","protected":false},"excerpt":{"rendered":"<p>Kleiner Baum mit regelm\u00e4\u00dfiger, kugelf\u00f6rmiger, langsam wachsender Krone, die eine H\u00f6he von 1-2 M und eine \u00e4hnliche Breite erreicht. Sehr interessante Abwechslung f\u00fcr kleine G\u00e4rten.<\/p>\n","protected":false},"featured_media":23354,"template":"","meta":{"_acf_changed":false},"product_brand":[],"product_cat":[8813],"product_tag":[10898],"class_list":{"0":"post-15311","1":"product","2":"type-product","3":"status-publish","4":"has-post-thumbnail","6":"product_cat-laubbaume-und-straucher","7":"product_tag-naturlichen","8":"pa_altezza-massima-100-de","9":"pa_altezza-massima-200-de","10":"pa_colore-fioritura-gelbe","11":"pa_famiglia-moraceae-de","12":"pa_genere-morus-de","13":"pa_inquinamento-bestaendigkeit-gegen-smog","14":"pa_origine-ostasien","15":"pa_periodo-fioritura-april-de","16":"pa_periodo-fruttificazione-juli","17":"pa_periodo-fruttificazione-juni","18":"pa_portamento-arrotondato-de","19":"pa_resistenza-climatica-mittel-hoch","20":"pa_salinita-bestaendigkeit-in-meeresluft","21":"pa_utilizzo-kleine-gaerten","23":"first","24":"instock","25":"purchasable","26":"product-type-simple"},"acf":[],"_links":{"self":[{"href":"https:\/\/innocentiemangonipiante.it\/de\/wp-json\/wp\/v2\/product\/15311","targetHints":{"allow":["GET"]}}],"collection":[{"href":"https:\/\/innocentiemangonipiante.it\/de\/wp-json\/wp\/v2\/product"}],"about":[{"href":"https:\/\/innocentiemangonipiante.it\/de\/wp-json\/wp\/v2\/types\/product"}],"wp:featuredmedia":[{"embeddable":true,"href":"https:\/\/innocentiemangonipiante.it\/de\/wp-json\/wp\/v2\/media\/23354"}],"wp:attachment":[{"href":"https:\/\/innocentiemangonipiante.it\/de\/wp-json\/wp\/v2\/media?parent=15311"}],"wp:term":[{"taxonomy":"product_brand","embeddable":true,"href":"https:\/\/innocentiemangonipiante.it\/de\/wp-json\/wp\/v2\/product_brand?post=15311"},{"taxonomy":"product_cat","embeddable":true,"href":"https:\/\/innocentiemangonipiante.it\/de\/wp-json\/wp\/v2\/product_cat?post=15311"},{"taxonomy":"product_tag","embeddable":true,"href":"https:\/\/innocentiemangonipiante.it\/de\/wp-json\/wp\/v2\/product_tag?post=15311"}],"curies":[{"name":"wp","href":"https:\/\/api.w.org\/{rel}","templated":true}]}}