{"id":15313,"date":"2023-11-04T01:58:20","date_gmt":"2023-11-04T00:58:20","guid":{"rendered":"http:\/\/innocentiemangonipiante.it\/morus-platanifolia\/"},"modified":"2023-11-06T19:13:26","modified_gmt":"2023-11-06T18:13:26","slug":"morus-platanifolia","status":"publish","type":"product","link":"https:\/\/innocentiemangonipiante.it\/de\/morus-platanifolia\/","title":{"rendered":"MORUS platanifolia"},"content":{"rendered":"<p>Sommergr\u00fcner Baum mit waagerechter Krone. Die Bl\u00e4tter sind tieflappig wie die des Platanus und gl\u00e4nzend gr\u00fcn. Ende Fr\u00fchjahr rosa-rote Fr\u00fcchte. Die Fr\u00fcchte gedeihen nicht, wenn der Baum jedes Jahr zu stark beschnitten wird.<\/p>\n","protected":false},"excerpt":{"rendered":"<p>Sommergr\u00fcner Baum mit waagerechter Krone. Die Bl\u00e4tter sind tieflappig wie die des Platanus und gl\u00e4nzend gr\u00fcn. Ende Fr\u00fchjahr rosa-rote Fr\u00fcchte. Die Fr\u00fcchte gedeihen nicht, wenn der Baum jedes Jahr zu stark beschnitten wird.<\/p>\n","protected":false},"featured_media":4136,"template":"","meta":{"_acf_changed":false},"product_brand":[],"product_cat":[8813],"product_tag":[10898,8401,8433],"class_list":{"0":"post-15313","1":"product","2":"type-product","3":"status-publish","4":"has-post-thumbnail","6":"product_cat-laubbaume-und-straucher","7":"product_tag-naturlichen","8":"product_tag-hochstamm","9":"product_tag-hochstamm-dach","10":"pa_altezza-massima-500-de","11":"pa_altezza-massima-1000-de-2","12":"pa_condizionamento-clt-de","13":"pa_condizionamento-m-de","14":"pa_famiglia-moraceae-de","15":"pa_genere-morus-de","16":"pa_inquinamento-bestaendigkeit-gegen-smog","17":"pa_origine-ostasien","18":"pa_periodo-fruttificazione-juni","19":"pa_periodo-fruttificazione-mai-de","20":"pa_portamento-arrotondato-de","21":"pa_resistenza-climatica-sehr-hoch","22":"pa_resistenza-del-suolo-bestandig-gegen-kalkhaltige-boden","23":"pa_resistenza-del-suolo-bestandig-gegen-trockene-boden","24":"pa_resistenza-del-suolo-resistent-gegen-arme-boeden","25":"pa_salinita-bestaendigkeit-in-meeresluft","26":"pa_utilizzo-parks-de","28":"first","29":"instock","30":"purchasable","31":"product-type-simple"},"acf":[],"_links":{"self":[{"href":"https:\/\/innocentiemangonipiante.it\/de\/wp-json\/wp\/v2\/product\/15313","targetHints":{"allow":["GET"]}}],"collection":[{"href":"https:\/\/innocentiemangonipiante.it\/de\/wp-json\/wp\/v2\/product"}],"about":[{"href":"https:\/\/innocentiemangonipiante.it\/de\/wp-json\/wp\/v2\/types\/product"}],"wp:featuredmedia":[{"embeddable":true,"href":"https:\/\/innocentiemangonipiante.it\/de\/wp-json\/wp\/v2\/media\/4136"}],"wp:attachment":[{"href":"https:\/\/innocentiemangonipiante.it\/de\/wp-json\/wp\/v2\/media?parent=15313"}],"wp:term":[{"taxonomy":"product_brand","embeddable":true,"href":"https:\/\/innocentiemangonipiante.it\/de\/wp-json\/wp\/v2\/product_brand?post=15313"},{"taxonomy":"product_cat","embeddable":true,"href":"https:\/\/innocentiemangonipiante.it\/de\/wp-json\/wp\/v2\/product_cat?post=15313"},{"taxonomy":"product_tag","embeddable":true,"href":"https:\/\/innocentiemangonipiante.it\/de\/wp-json\/wp\/v2\/product_tag?post=15313"}],"curies":[{"name":"wp","href":"https:\/\/api.w.org\/{rel}","templated":true}]}}