{"id":15314,"date":"2023-11-04T01:58:12","date_gmt":"2023-11-04T00:58:12","guid":{"rendered":"http:\/\/innocentiemangonipiante.it\/morus-nigra\/"},"modified":"2023-11-06T19:13:19","modified_gmt":"2023-11-06T18:13:19","slug":"morus-nigra","status":"publish","type":"product","link":"https:\/\/innocentiemangonipiante.it\/de\/morus-nigra\/","title":{"rendered":"MORUS nigra"},"content":{"rendered":"<p>Sommergr\u00fcner Baum mit eif\u00f6migen, gez\u00e4hnten gr\u00fcnen Bl\u00e4ttern, die auf der Unterseite rauh sind. Im Sommer gr\u00fcne Fr\u00fcchte, die bei der Reife purpurrot werden.<\/p>\n","protected":false},"excerpt":{"rendered":"<p>Sommergr\u00fcner Baum mit eif\u00f6migen, gez\u00e4hnten gr\u00fcnen Bl\u00e4ttern, die auf der Unterseite rauh sind. Im Sommer gr\u00fcne Fr\u00fcchte, die bei der Reife purpurrot werden.<\/p>\n","protected":false},"featured_media":4130,"template":"","meta":{"_acf_changed":false},"product_brand":[],"product_cat":[8813],"product_tag":[10898,8401],"class_list":{"0":"post-15314","1":"product","2":"type-product","3":"status-publish","4":"has-post-thumbnail","6":"product_cat-laubbaume-und-straucher","7":"product_tag-naturlichen","8":"product_tag-hochstamm","9":"pa_altezza-massima-800-de","10":"pa_altezza-massima-12-meter","11":"pa_colore-fioritura-gelbe","12":"pa_condizionamento-clt-de","13":"pa_condizionamento-m-de","14":"pa_famiglia-moraceae-de","15":"pa_genere-morus-de","16":"pa_inquinamento-bestaendigkeit-gegen-smog","17":"pa_origine-nahen-osten","18":"pa_periodo-fioritura-april-de","19":"pa_periodo-fruttificazione-august-de","20":"pa_periodo-fruttificazione-juli","21":"pa_portamento-arrotondato-de","22":"pa_resistenza-climatica-sehr-hoch","23":"pa_resistenza-del-suolo-bestandig-gegen-kalkhaltige-boden","24":"pa_resistenza-del-suolo-bestandig-gegen-trockene-boden","25":"pa_salinita-bestaendigkeit-in-meeresluft","26":"pa_utilizzo-parks-de","28":"first","29":"instock","30":"purchasable","31":"product-type-simple"},"acf":[],"_links":{"self":[{"href":"https:\/\/innocentiemangonipiante.it\/de\/wp-json\/wp\/v2\/product\/15314","targetHints":{"allow":["GET"]}}],"collection":[{"href":"https:\/\/innocentiemangonipiante.it\/de\/wp-json\/wp\/v2\/product"}],"about":[{"href":"https:\/\/innocentiemangonipiante.it\/de\/wp-json\/wp\/v2\/types\/product"}],"wp:featuredmedia":[{"embeddable":true,"href":"https:\/\/innocentiemangonipiante.it\/de\/wp-json\/wp\/v2\/media\/4130"}],"wp:attachment":[{"href":"https:\/\/innocentiemangonipiante.it\/de\/wp-json\/wp\/v2\/media?parent=15314"}],"wp:term":[{"taxonomy":"product_brand","embeddable":true,"href":"https:\/\/innocentiemangonipiante.it\/de\/wp-json\/wp\/v2\/product_brand?post=15314"},{"taxonomy":"product_cat","embeddable":true,"href":"https:\/\/innocentiemangonipiante.it\/de\/wp-json\/wp\/v2\/product_cat?post=15314"},{"taxonomy":"product_tag","embeddable":true,"href":"https:\/\/innocentiemangonipiante.it\/de\/wp-json\/wp\/v2\/product_tag?post=15314"}],"curies":[{"name":"wp","href":"https:\/\/api.w.org\/{rel}","templated":true}]}}