{"id":15316,"date":"2023-11-04T01:57:50","date_gmt":"2023-11-04T00:57:50","guid":{"rendered":"http:\/\/innocentiemangonipiante.it\/morus-alba\/"},"modified":"2023-11-06T19:13:09","modified_gmt":"2023-11-06T18:13:09","slug":"morus-alba","status":"publish","type":"product","link":"https:\/\/innocentiemangonipiante.it\/de\/morus-alba\/","title":{"rendered":"MORUS alba"},"content":{"rendered":"<p>Ausladender Baum mit eif\u00f6rmigen teilweise gelappten leuchtendgr\u00fcnen bis 20cm langen Bl\u00e4ttern, die sich Gelb im Herbst f\u00e4rben. Am Sommerende erscheinen weisse, geschmacklose Fr\u00fcchte, die beim Reifen Rot werden.<\/p>\n","protected":false},"excerpt":{"rendered":"<p>Ausladender Baum mit eif\u00f6rmigen teilweise gelappten leuchtendgr\u00fcnen bis 20cm langen Bl\u00e4ttern, die sich Gelb im Herbst f\u00e4rben. Am Sommerende erscheinen weisse, geschmacklose Fr\u00fcchte, die beim Reifen Rot werden.<\/p>\n","protected":false},"featured_media":4112,"template":"","meta":{"_acf_changed":false},"product_brand":[],"product_cat":[8813],"product_tag":[10898,8401],"class_list":{"0":"post-15316","1":"product","2":"type-product","3":"status-publish","4":"has-post-thumbnail","6":"product_cat-laubbaume-und-straucher","7":"product_tag-naturlichen","8":"product_tag-hochstamm","9":"pa_altezza-massima-800-de","10":"pa_altezza-massima-1000-de-2","11":"pa_colore-fioritura-gelbe","12":"pa_condizionamento-clt-de","13":"pa_condizionamento-m-de","14":"pa_famiglia-moraceae-de","15":"pa_genere-morus-de","16":"pa_inquinamento-bestaendigkeit-gegen-smog","17":"pa_origine-ostasien","18":"pa_periodo-fioritura-april-de","19":"pa_periodo-fruttificazione-juli","20":"pa_periodo-fruttificazione-juni","21":"pa_portamento-arrotondato-de","22":"pa_resistenza-climatica-mittel-hoch","23":"pa_resistenza-del-suolo-bestandig-gegen-kalkhaltige-boden","24":"pa_resistenza-del-suolo-bestandig-gegen-trockene-boden","25":"pa_salinita-bestaendigkeit-in-meeresluft","26":"pa_utilizzo-parks-de","28":"first","29":"instock","30":"purchasable","31":"product-type-simple"},"acf":[],"_links":{"self":[{"href":"https:\/\/innocentiemangonipiante.it\/de\/wp-json\/wp\/v2\/product\/15316","targetHints":{"allow":["GET"]}}],"collection":[{"href":"https:\/\/innocentiemangonipiante.it\/de\/wp-json\/wp\/v2\/product"}],"about":[{"href":"https:\/\/innocentiemangonipiante.it\/de\/wp-json\/wp\/v2\/types\/product"}],"wp:featuredmedia":[{"embeddable":true,"href":"https:\/\/innocentiemangonipiante.it\/de\/wp-json\/wp\/v2\/media\/4112"}],"wp:attachment":[{"href":"https:\/\/innocentiemangonipiante.it\/de\/wp-json\/wp\/v2\/media?parent=15316"}],"wp:term":[{"taxonomy":"product_brand","embeddable":true,"href":"https:\/\/innocentiemangonipiante.it\/de\/wp-json\/wp\/v2\/product_brand?post=15316"},{"taxonomy":"product_cat","embeddable":true,"href":"https:\/\/innocentiemangonipiante.it\/de\/wp-json\/wp\/v2\/product_cat?post=15316"},{"taxonomy":"product_tag","embeddable":true,"href":"https:\/\/innocentiemangonipiante.it\/de\/wp-json\/wp\/v2\/product_tag?post=15316"}],"curies":[{"name":"wp","href":"https:\/\/api.w.org\/{rel}","templated":true}]}}