{"id":15317,"date":"2023-11-04T01:59:16","date_gmt":"2023-11-04T00:59:16","guid":{"rendered":"http:\/\/innocentiemangonipiante.it\/musa-basjoo-sakhalin\/"},"modified":"2023-11-06T19:14:28","modified_gmt":"2023-11-06T18:14:28","slug":"musa-basjoo-sakhalin","status":"publish","type":"product","link":"https:\/\/innocentiemangonipiante.it\/de\/musa-basjoo-sakhalin\/","title":{"rendered":"MUSA basjoo &#8218;Sakhalin&#8216;"},"content":{"rendered":"<p>Perennierende Pflanze. Sch\u00f6\u00dfling mit spindelf\u00f6rmigen Falschst\u00e4mmen, erst gr\u00fcn dann papierartig im sp\u00e4ten Alter. Bogenf\u00f6rmige gr\u00fcne bis 3Mt lange Bl\u00e4tter. Im Sommer produziert es hellgelbe Bl\u00fcten gefolgt von gr\u00fcngelben bis 6cm langen Fr\u00fcchten, die unangenemhen im Geschmack sind.<\/p>\n","protected":false},"excerpt":{"rendered":"<p>Perennierende Pflanze. Sch\u00f6\u00dfling mit spindelf\u00f6rmigen Falschst\u00e4mmen, erst gr\u00fcn dann papierartig im sp\u00e4ten Alter. Bogenf\u00f6rmige gr\u00fcne bis 3Mt lange Bl\u00e4tter. Im Sommer produziert es hellgelbe Bl\u00fcten gefolgt von gr\u00fcngelben bis 6cm langen Fr\u00fcchten, die unangenemhen im Geschmack sind.<\/p>\n","protected":false},"featured_media":51370,"template":"","meta":{"_acf_changed":false},"product_brand":[],"product_cat":[8832],"product_tag":[10898],"class_list":{"0":"post-15317","1":"product","2":"type-product","3":"status-publish","4":"has-post-thumbnail","6":"product_cat-palmartig-und-saftig","7":"product_tag-naturlichen","8":"pa_altezza-massima-300-de","9":"pa_altezza-massima-500-de","10":"pa_colore-fioritura-gelbe","11":"pa_condizionamento-clt-de","12":"pa_famiglia-musaceae-de","13":"pa_genere-musa-de","14":"pa_origine-ostasien","15":"pa_portamento-eretto-de","16":"pa_resistenza-climatica-mittel","17":"pa_utilizzo-balkone","18":"pa_utilizzo-kleine-gaerten","19":"pa_utilizzo-parks-de","21":"first","22":"instock","23":"purchasable","24":"product-type-simple"},"acf":[],"_links":{"self":[{"href":"https:\/\/innocentiemangonipiante.it\/de\/wp-json\/wp\/v2\/product\/15317","targetHints":{"allow":["GET"]}}],"collection":[{"href":"https:\/\/innocentiemangonipiante.it\/de\/wp-json\/wp\/v2\/product"}],"about":[{"href":"https:\/\/innocentiemangonipiante.it\/de\/wp-json\/wp\/v2\/types\/product"}],"wp:featuredmedia":[{"embeddable":true,"href":"https:\/\/innocentiemangonipiante.it\/de\/wp-json\/wp\/v2\/media\/51370"}],"wp:attachment":[{"href":"https:\/\/innocentiemangonipiante.it\/de\/wp-json\/wp\/v2\/media?parent=15317"}],"wp:term":[{"taxonomy":"product_brand","embeddable":true,"href":"https:\/\/innocentiemangonipiante.it\/de\/wp-json\/wp\/v2\/product_brand?post=15317"},{"taxonomy":"product_cat","embeddable":true,"href":"https:\/\/innocentiemangonipiante.it\/de\/wp-json\/wp\/v2\/product_cat?post=15317"},{"taxonomy":"product_tag","embeddable":true,"href":"https:\/\/innocentiemangonipiante.it\/de\/wp-json\/wp\/v2\/product_tag?post=15317"}],"curies":[{"name":"wp","href":"https:\/\/api.w.org\/{rel}","templated":true}]}}