{"id":15318,"date":"2023-11-04T01:59:29","date_gmt":"2023-11-04T00:59:29","guid":{"rendered":"http:\/\/innocentiemangonipiante.it\/musa-sikkimensis-red-tiger\/"},"modified":"2023-11-06T19:14:34","modified_gmt":"2023-11-06T18:14:34","slug":"musa-sikkimensis-red-tiger","status":"publish","type":"product","link":"https:\/\/innocentiemangonipiante.it\/de\/musa-sikkimensis-red-tiger\/","title":{"rendered":"MUSA sikkimensis &#8218;Red Tiger&#8216;"},"content":{"rendered":"<p>Sch\u00f6ne Sorte mit sehr gro\u00dfen Bl\u00e4ttern mit lila Zeichnung.<\/p>\n","protected":false},"excerpt":{"rendered":"<p>Sch\u00f6ne Sorte mit sehr gro\u00dfen Bl\u00e4ttern mit lila Zeichnung.<\/p>\n","protected":false},"featured_media":4151,"template":"","meta":{"_acf_changed":false},"product_brand":[],"product_cat":[8832],"product_tag":[10898],"class_list":{"0":"post-15318","1":"product","2":"type-product","3":"status-publish","4":"has-post-thumbnail","6":"product_cat-palmartig-und-saftig","7":"product_tag-naturlichen","8":"pa_altezza-massima-300-de","9":"pa_altezza-massima-500-de","10":"pa_colore-delle-foglie-vielfaeltigen","11":"pa_condizionamento-clt-de","12":"pa_famiglia-musaceae-de","13":"pa_genere-musa-de","14":"pa_origine-indien","15":"pa_periodo-fruttificazione-august-de","16":"pa_portamento-eretto-de","17":"pa_resistenza-climatica-pflanzen-mit-geringem-klimawiderstand","18":"pa_utilizzo-kleine-gaerten","19":"pa_utilizzo-parks-de","21":"first","22":"instock","23":"purchasable","24":"product-type-simple"},"acf":[],"_links":{"self":[{"href":"https:\/\/innocentiemangonipiante.it\/de\/wp-json\/wp\/v2\/product\/15318","targetHints":{"allow":["GET"]}}],"collection":[{"href":"https:\/\/innocentiemangonipiante.it\/de\/wp-json\/wp\/v2\/product"}],"about":[{"href":"https:\/\/innocentiemangonipiante.it\/de\/wp-json\/wp\/v2\/types\/product"}],"wp:featuredmedia":[{"embeddable":true,"href":"https:\/\/innocentiemangonipiante.it\/de\/wp-json\/wp\/v2\/media\/4151"}],"wp:attachment":[{"href":"https:\/\/innocentiemangonipiante.it\/de\/wp-json\/wp\/v2\/media?parent=15318"}],"wp:term":[{"taxonomy":"product_brand","embeddable":true,"href":"https:\/\/innocentiemangonipiante.it\/de\/wp-json\/wp\/v2\/product_brand?post=15318"},{"taxonomy":"product_cat","embeddable":true,"href":"https:\/\/innocentiemangonipiante.it\/de\/wp-json\/wp\/v2\/product_cat?post=15318"},{"taxonomy":"product_tag","embeddable":true,"href":"https:\/\/innocentiemangonipiante.it\/de\/wp-json\/wp\/v2\/product_tag?post=15318"}],"curies":[{"name":"wp","href":"https:\/\/api.w.org\/{rel}","templated":true}]}}