{"id":15321,"date":"2023-11-04T01:59:48","date_gmt":"2023-11-04T00:59:48","guid":{"rendered":"http:\/\/innocentiemangonipiante.it\/myrtus-communis-tarentina\/"},"modified":"2023-11-06T19:14:43","modified_gmt":"2023-11-06T18:14:43","slug":"myrtus-communis-tarentina","status":"publish","type":"product","link":"https:\/\/innocentiemangonipiante.it\/de\/myrtus-communis-tarentina\/","title":{"rendered":"MYRTUS communis &#8218;Tarentina&#8216;"},"content":{"rendered":"<p>Kompaktere und rundlicher Wuchs Sorte mit elliptische 1-2 cm lange Bl\u00e4tter. Cremefarbene Bl\u00fcten mit rosa abt\u00f6nungen die von gr\u00fcn hellcremefarbene Beeren gefolgt werden.<\/p>\n","protected":false},"excerpt":{"rendered":"<p>Kompaktere und rundlicher Wuchs Sorte mit elliptische 1-2 cm lange Bl\u00e4tter. Cremefarbene Bl\u00fcten mit rosa abt\u00f6nungen die von gr\u00fcn hellcremefarbene Beeren gefolgt werden.<\/p>\n","protected":false},"featured_media":4163,"template":"","meta":{"_acf_changed":false},"product_brand":[],"product_cat":[8816,9231],"product_tag":[10898],"class_list":{"0":"post-15321","1":"product","2":"type-product","3":"status-publish","4":"has-post-thumbnail","6":"product_cat-hartnaeckige-baeume-und-straeucher","7":"product_cat-baume-und-pflanzen-der-zukunft","8":"product_tag-naturlichen","9":"pa_altezza-massima-300-de","10":"pa_altezza-massima-500-de","11":"pa_colore-fioritura-weis","12":"pa_condizionamento-clt-de","13":"pa_condizionamento-jungplanzen","14":"pa_famiglia-myrtaceae-de","15":"pa_genere-myrtus-de","16":"pa_origine-europaischen-mittelmeeres","17":"pa_periodo-fioritura-juli","18":"pa_periodo-fioritura-juni","19":"pa_periodo-fioritura-mai-de","20":"pa_periodo-fruttificazione-dezember","21":"pa_periodo-fruttificazione-januar","22":"pa_periodo-fruttificazione-november-de","23":"pa_portamento-cespuglioso-de","24":"pa_resistenza-climatica-sehr-hoch","25":"pa_resistenza-del-suolo-bestandig-gegen-kalkhaltige-boden","26":"pa_resistenza-del-suolo-bestandig-gegen-trockene-boden","27":"pa_salinita-bestaendigkeit-in-meeresluft","28":"pa_utilizzo-hecken","29":"pa_utilizzo-kleine-gaerten","30":"pa_utilizzo-parks-de","32":"first","33":"instock","34":"purchasable","35":"product-type-simple"},"acf":[],"_links":{"self":[{"href":"https:\/\/innocentiemangonipiante.it\/de\/wp-json\/wp\/v2\/product\/15321","targetHints":{"allow":["GET"]}}],"collection":[{"href":"https:\/\/innocentiemangonipiante.it\/de\/wp-json\/wp\/v2\/product"}],"about":[{"href":"https:\/\/innocentiemangonipiante.it\/de\/wp-json\/wp\/v2\/types\/product"}],"wp:featuredmedia":[{"embeddable":true,"href":"https:\/\/innocentiemangonipiante.it\/de\/wp-json\/wp\/v2\/media\/4163"}],"wp:attachment":[{"href":"https:\/\/innocentiemangonipiante.it\/de\/wp-json\/wp\/v2\/media?parent=15321"}],"wp:term":[{"taxonomy":"product_brand","embeddable":true,"href":"https:\/\/innocentiemangonipiante.it\/de\/wp-json\/wp\/v2\/product_brand?post=15321"},{"taxonomy":"product_cat","embeddable":true,"href":"https:\/\/innocentiemangonipiante.it\/de\/wp-json\/wp\/v2\/product_cat?post=15321"},{"taxonomy":"product_tag","embeddable":true,"href":"https:\/\/innocentiemangonipiante.it\/de\/wp-json\/wp\/v2\/product_tag?post=15321"}],"curies":[{"name":"wp","href":"https:\/\/api.w.org\/{rel}","templated":true}]}}