{"id":15322,"date":"2023-11-04T01:59:42","date_gmt":"2023-11-04T00:59:42","guid":{"rendered":"http:\/\/innocentiemangonipiante.it\/myrtus-communis\/"},"modified":"2023-11-06T19:14:40","modified_gmt":"2023-11-06T18:14:40","slug":"myrtus-communis","status":"publish","type":"product","link":"https:\/\/innocentiemangonipiante.it\/de\/myrtus-communis\/","title":{"rendered":"MYRTUS communis"},"content":{"rendered":"<p>Immergr\u00fcner buschiger Strauch, mit gl\u00e4nzende dunkelgr\u00fcne Bl\u00e4tter. Mitte-ende Sommer sprie\u00dfen Bl\u00fcten mit 5 wei\u00dfe Bl\u00fctenbl\u00e4ttern die von schwarze Beeren gefolgt werden.<\/p>\n","protected":false},"excerpt":{"rendered":"<p>Immergr\u00fcner buschiger Strauch, mit gl\u00e4nzende dunkelgr\u00fcne Bl\u00e4tter. Mitte-ende Sommer sprie\u00dfen Bl\u00fcten mit 5 wei\u00dfe Bl\u00fctenbl\u00e4ttern die von schwarze Beeren gefolgt werden.<\/p>\n","protected":false},"featured_media":4157,"template":"","meta":{"_acf_changed":false},"product_brand":[],"product_cat":[8816,9231],"product_tag":[10898],"class_list":{"0":"post-15322","1":"product","2":"type-product","3":"status-publish","4":"has-post-thumbnail","6":"product_cat-hartnaeckige-baeume-und-straeucher","7":"product_cat-baume-und-pflanzen-der-zukunft","8":"product_tag-naturlichen","9":"pa_altezza-massima-200-de","10":"pa_altezza-massima-400-de","11":"pa_colore-fioritura-weis","12":"pa_condizionamento-clt-de","13":"pa_condizionamento-jungplanzen","14":"pa_famiglia-myrtaceae-de","15":"pa_genere-myrtus-de","16":"pa_origine-europaischen-mittelmeeres","17":"pa_periodo-fioritura-august-de","18":"pa_periodo-fioritura-juli","19":"pa_periodo-fruttificazione-dezember","20":"pa_periodo-fruttificazione-november-de","21":"pa_portamento-cespuglioso-de","22":"pa_resistenza-climatica-sehr-hoch","23":"pa_resistenza-del-suolo-bestandig-gegen-kalkhaltige-boden","24":"pa_resistenza-del-suolo-bestandig-gegen-trockene-boden","25":"pa_salinita-bestaendigkeit-in-meeresluft","26":"pa_utilizzo-kleine-gaerten","27":"pa_utilizzo-parks-de","29":"first","30":"instock","31":"purchasable","32":"product-type-simple"},"acf":[],"_links":{"self":[{"href":"https:\/\/innocentiemangonipiante.it\/de\/wp-json\/wp\/v2\/product\/15322","targetHints":{"allow":["GET"]}}],"collection":[{"href":"https:\/\/innocentiemangonipiante.it\/de\/wp-json\/wp\/v2\/product"}],"about":[{"href":"https:\/\/innocentiemangonipiante.it\/de\/wp-json\/wp\/v2\/types\/product"}],"wp:featuredmedia":[{"embeddable":true,"href":"https:\/\/innocentiemangonipiante.it\/de\/wp-json\/wp\/v2\/media\/4157"}],"wp:attachment":[{"href":"https:\/\/innocentiemangonipiante.it\/de\/wp-json\/wp\/v2\/media?parent=15322"}],"wp:term":[{"taxonomy":"product_brand","embeddable":true,"href":"https:\/\/innocentiemangonipiante.it\/de\/wp-json\/wp\/v2\/product_brand?post=15322"},{"taxonomy":"product_cat","embeddable":true,"href":"https:\/\/innocentiemangonipiante.it\/de\/wp-json\/wp\/v2\/product_cat?post=15322"},{"taxonomy":"product_tag","embeddable":true,"href":"https:\/\/innocentiemangonipiante.it\/de\/wp-json\/wp\/v2\/product_tag?post=15322"}],"curies":[{"name":"wp","href":"https:\/\/api.w.org\/{rel}","templated":true}]}}