{"id":15323,"date":"2023-11-04T02:01:23","date_gmt":"2023-11-04T01:01:23","guid":{"rendered":"http:\/\/innocentiemangonipiante.it\/nandina-domestica-twilight\/"},"modified":"2023-11-06T19:15:48","modified_gmt":"2023-11-06T18:15:48","slug":"nandina-domestica-twilight","status":"publish","type":"product","link":"https:\/\/innocentiemangonipiante.it\/de\/nandina-domestica-twilight\/","title":{"rendered":"NANDINA domestica &#8218;Twilight&#8216; \u00ae"},"content":{"rendered":"<p>Immergr\u00fcner Strauch mit gr\u00fcnen Bl\u00e4ttern mit creme- und rosafarbenen Nuancen im Fr\u00fchjahr. Die Farben werden im Herbst intensiver.<\/p>\n","protected":false},"excerpt":{"rendered":"<p>Immergr\u00fcner Strauch mit gr\u00fcnen Bl\u00e4ttern mit creme- und rosafarbenen Nuancen im Fr\u00fchjahr. Die Farben werden im Herbst intensiver.<\/p>\n","protected":false},"featured_media":4205,"template":"","meta":{"_acf_changed":false},"product_brand":[],"product_cat":[8816],"product_tag":[10898],"class_list":{"0":"post-15323","1":"product","2":"type-product","3":"status-publish","4":"has-post-thumbnail","6":"product_cat-hartnaeckige-baeume-und-straeucher","7":"product_tag-naturlichen","8":"pa_altezza-massima-150-de","9":"pa_altezza-massima-200-de","10":"pa_colore-delle-foglie-vielfaeltigen","11":"pa_colore-fioritura-weis","12":"pa_condizionamento-clt-de","13":"pa_condizionamento-jungplanzen","14":"pa_famiglia-berberidaceae-de","15":"pa_genere-nandina-de","16":"pa_origine-china-de","17":"pa_origine-japan-de","18":"pa_periodo-fioritura-juli","19":"pa_periodo-fruttificazione-november-de","20":"pa_portamento-eretto-de","21":"pa_resistenza-climatica-sehr-hoch","22":"pa_utilizzo-balkone","23":"pa_utilizzo-hecken","24":"pa_utilizzo-kleine-gaerten","25":"pa_utilizzo-parks-de","27":"first","28":"instock","29":"purchasable","30":"product-type-simple"},"acf":[],"_links":{"self":[{"href":"https:\/\/innocentiemangonipiante.it\/de\/wp-json\/wp\/v2\/product\/15323","targetHints":{"allow":["GET"]}}],"collection":[{"href":"https:\/\/innocentiemangonipiante.it\/de\/wp-json\/wp\/v2\/product"}],"about":[{"href":"https:\/\/innocentiemangonipiante.it\/de\/wp-json\/wp\/v2\/types\/product"}],"wp:featuredmedia":[{"embeddable":true,"href":"https:\/\/innocentiemangonipiante.it\/de\/wp-json\/wp\/v2\/media\/4205"}],"wp:attachment":[{"href":"https:\/\/innocentiemangonipiante.it\/de\/wp-json\/wp\/v2\/media?parent=15323"}],"wp:term":[{"taxonomy":"product_brand","embeddable":true,"href":"https:\/\/innocentiemangonipiante.it\/de\/wp-json\/wp\/v2\/product_brand?post=15323"},{"taxonomy":"product_cat","embeddable":true,"href":"https:\/\/innocentiemangonipiante.it\/de\/wp-json\/wp\/v2\/product_cat?post=15323"},{"taxonomy":"product_tag","embeddable":true,"href":"https:\/\/innocentiemangonipiante.it\/de\/wp-json\/wp\/v2\/product_tag?post=15323"}],"curies":[{"name":"wp","href":"https:\/\/api.w.org\/{rel}","templated":true}]}}