{"id":15324,"date":"2023-11-04T02:01:07","date_gmt":"2023-11-04T01:01:07","guid":{"rendered":"http:\/\/innocentiemangonipiante.it\/nandina-domestica-obsessed\/"},"modified":"2023-11-06T19:15:33","modified_gmt":"2023-11-06T18:15:33","slug":"nandina-domestica-obsessed","status":"publish","type":"product","link":"https:\/\/innocentiemangonipiante.it\/de\/nandina-domestica-obsessed\/","title":{"rendered":"NANDINA domestica &#8218;Obsessed&#8216; \u00ae"},"content":{"rendered":"<p>Sehr sch\u00f6ne Selektion von NANDINA domestica von langsamem und kompaktem Wuchs, das ganze Jahr \u00fcber attraktiv wegen seines besonders intensiv gef\u00e4rbten Laubs, seiner Bl\u00fctenf\u00fclle und seinen Fr\u00fcchten im Winter.<\/p>\n","protected":false},"excerpt":{"rendered":"<p>Sehr sch\u00f6ne Selektion von NANDINA domestica von langsamem und kompaktem Wuchs, das ganze Jahr \u00fcber attraktiv wegen seines besonders intensiv gef\u00e4rbten Laubs, seiner Bl\u00fctenf\u00fclle und seinen Fr\u00fcchten im Winter.<\/p>\n","protected":false},"featured_media":4199,"template":"","meta":{"_acf_changed":false},"product_brand":[],"product_cat":[8816],"product_tag":[10898,8487,8498],"class_list":{"0":"post-15324","1":"product","2":"type-product","3":"status-publish","4":"has-post-thumbnail","6":"product_cat-hartnaeckige-baeume-und-straeucher","7":"product_tag-naturlichen","8":"product_tag-kasten","9":"product_tag-mehrstammig-mit-schirmformiger-krone","10":"pa_altezza-massima-200-de","11":"pa_altezza-massima-300-de","12":"pa_colore-fioritura-weis","13":"pa_condizionamento-clt-de","14":"pa_condizionamento-jungplanzen","15":"pa_famiglia-berberidaceae-de","16":"pa_genere-nandina-de","17":"pa_origine-u-s-a","18":"pa_periodo-fioritura-august-de","19":"pa_periodo-fioritura-juli","20":"pa_periodo-fruttificazione-november-de","21":"pa_portamento-arrotondato-de","22":"pa_resistenza-climatica-mittel-hoch","23":"pa_utilizzo-hecken","24":"pa_utilizzo-kleine-gaerten","25":"pa_utilizzo-parks-de","27":"first","28":"instock","29":"purchasable","30":"product-type-simple"},"acf":[],"_links":{"self":[{"href":"https:\/\/innocentiemangonipiante.it\/de\/wp-json\/wp\/v2\/product\/15324","targetHints":{"allow":["GET"]}}],"collection":[{"href":"https:\/\/innocentiemangonipiante.it\/de\/wp-json\/wp\/v2\/product"}],"about":[{"href":"https:\/\/innocentiemangonipiante.it\/de\/wp-json\/wp\/v2\/types\/product"}],"wp:featuredmedia":[{"embeddable":true,"href":"https:\/\/innocentiemangonipiante.it\/de\/wp-json\/wp\/v2\/media\/4199"}],"wp:attachment":[{"href":"https:\/\/innocentiemangonipiante.it\/de\/wp-json\/wp\/v2\/media?parent=15324"}],"wp:term":[{"taxonomy":"product_brand","embeddable":true,"href":"https:\/\/innocentiemangonipiante.it\/de\/wp-json\/wp\/v2\/product_brand?post=15324"},{"taxonomy":"product_cat","embeddable":true,"href":"https:\/\/innocentiemangonipiante.it\/de\/wp-json\/wp\/v2\/product_cat?post=15324"},{"taxonomy":"product_tag","embeddable":true,"href":"https:\/\/innocentiemangonipiante.it\/de\/wp-json\/wp\/v2\/product_tag?post=15324"}],"curies":[{"name":"wp","href":"https:\/\/api.w.org\/{rel}","templated":true}]}}