{"id":15329,"date":"2023-11-04T01:59:54","date_gmt":"2023-11-04T00:59:54","guid":{"rendered":"http:\/\/innocentiemangonipiante.it\/nandina-domestica\/"},"modified":"2023-11-06T19:14:46","modified_gmt":"2023-11-06T18:14:46","slug":"nandina-domestica","status":"publish","type":"product","link":"https:\/\/innocentiemangonipiante.it\/de\/nandina-domestica\/","title":{"rendered":"NANDINA domestica"},"content":{"rendered":"<p>Halbimmergr\u00fcner aufrechter Strauch mit Fiederbl\u00e4ttern mit lanzettartigen Bl\u00e4ttchen, die beim Jungwuchs und im Winter rot bis purpurfarben sind. Mitte Sommer Rispen mit wei\u00dfen sternf\u00f6rmigen Bl\u00fcten, aus denen rote rundliche Fr\u00fcchte hervorgehen.<\/p>\n","protected":false},"excerpt":{"rendered":"<p>Halbimmergr\u00fcner aufrechter Strauch mit Fiederbl\u00e4ttern mit lanzettartigen Bl\u00e4ttchen, die beim Jungwuchs und im Winter rot bis purpurfarben sind. Mitte Sommer Rispen mit wei\u00dfen sternf\u00f6rmigen Bl\u00fcten, aus denen rote rundliche Fr\u00fcchte hervorgehen.<\/p>\n","protected":false},"featured_media":4169,"template":"","meta":{"_acf_changed":false},"product_brand":[],"product_cat":[8816],"product_tag":[10898,8487],"class_list":{"0":"post-15329","1":"product","2":"type-product","3":"status-publish","4":"has-post-thumbnail","6":"product_cat-hartnaeckige-baeume-und-straeucher","7":"product_tag-naturlichen","8":"product_tag-kasten","9":"pa_altezza-massima-150-de","10":"pa_altezza-massima-200-de","11":"pa_colore-fioritura-weis","12":"pa_condizionamento-clt-de","13":"pa_condizionamento-jungplanzen","14":"pa_famiglia-berberidaceae-de","15":"pa_genere-nandina-de","16":"pa_origine-ostasien","17":"pa_periodo-fioritura-august-de","18":"pa_periodo-fioritura-juli","19":"pa_portamento-eretto-de","20":"pa_resistenza-climatica-mittel-hoch","21":"pa_utilizzo-balkone","22":"pa_utilizzo-hecken","23":"pa_utilizzo-kleine-gaerten","24":"pa_utilizzo-parks-de","26":"first","27":"instock","28":"purchasable","29":"product-type-simple"},"acf":[],"_links":{"self":[{"href":"https:\/\/innocentiemangonipiante.it\/de\/wp-json\/wp\/v2\/product\/15329","targetHints":{"allow":["GET"]}}],"collection":[{"href":"https:\/\/innocentiemangonipiante.it\/de\/wp-json\/wp\/v2\/product"}],"about":[{"href":"https:\/\/innocentiemangonipiante.it\/de\/wp-json\/wp\/v2\/types\/product"}],"wp:featuredmedia":[{"embeddable":true,"href":"https:\/\/innocentiemangonipiante.it\/de\/wp-json\/wp\/v2\/media\/4169"}],"wp:attachment":[{"href":"https:\/\/innocentiemangonipiante.it\/de\/wp-json\/wp\/v2\/media?parent=15329"}],"wp:term":[{"taxonomy":"product_brand","embeddable":true,"href":"https:\/\/innocentiemangonipiante.it\/de\/wp-json\/wp\/v2\/product_brand?post=15329"},{"taxonomy":"product_cat","embeddable":true,"href":"https:\/\/innocentiemangonipiante.it\/de\/wp-json\/wp\/v2\/product_cat?post=15329"},{"taxonomy":"product_tag","embeddable":true,"href":"https:\/\/innocentiemangonipiante.it\/de\/wp-json\/wp\/v2\/product_tag?post=15329"}],"curies":[{"name":"wp","href":"https:\/\/api.w.org\/{rel}","templated":true}]}}