{"id":15330,"date":"2023-11-04T02:01:36","date_gmt":"2023-11-04T01:01:36","guid":{"rendered":"http:\/\/innocentiemangonipiante.it\/nerium-oleander\/"},"modified":"2023-11-06T19:15:55","modified_gmt":"2023-11-06T18:15:55","slug":"nerium-oleander","status":"publish","type":"product","link":"https:\/\/innocentiemangonipiante.it\/de\/nerium-oleander\/","title":{"rendered":"NERIUM oleander"},"content":{"rendered":"<p>Immergr\u00fcner Baum mit lanzenf\u00f6rmigen gr\u00fcnen Bl\u00e4ttern. Im Sommer produziert viele Blumen. H\u00f6he Salz Luft Vertr\u00e4glichkeit.<\/p>\n","protected":false},"excerpt":{"rendered":"<p>Immergr\u00fcner Baum mit lanzenf\u00f6rmigen gr\u00fcnen Bl\u00e4ttern. Im Sommer produziert viele Blumen. H\u00f6he Salz Luft Vertr\u00e4glichkeit.<\/p>\n","protected":false},"featured_media":23414,"template":"","meta":{"_acf_changed":false},"product_brand":[],"product_cat":[8816,9231],"product_tag":[10898,8565,8401],"class_list":{"0":"post-15330","1":"product","2":"type-product","3":"status-publish","4":"has-post-thumbnail","6":"product_cat-hartnaeckige-baeume-und-straeucher","7":"product_cat-baume-und-pflanzen-der-zukunft","8":"product_tag-naturlichen","9":"product_tag-halbstamm","10":"product_tag-hochstamm","11":"pa_altezza-massima-200-de","12":"pa_altezza-massima-400-de","13":"pa_colore-fioritura-orangefarbenes","14":"pa_condizionamento-clt-de","15":"pa_famiglia-apocynaceae-de","16":"pa_genere-nerium-de","17":"pa_origine-asien","18":"pa_origine-europaischen-mittelmeeres","19":"pa_periodo-fioritura-august-de","20":"pa_periodo-fioritura-juli","21":"pa_periodo-fioritura-juni","22":"pa_portamento-cespuglioso-de","23":"pa_resistenza-climatica-sehr-niedrig","24":"pa_resistenza-del-suolo-bestandig-gegen-kalkhaltige-boden","25":"pa_salinita-bestaendigkeit-in-meeresluft","26":"pa_utilizzo-balkone","27":"pa_utilizzo-hecken","28":"pa_utilizzo-kleine-gaerten","29":"pa_utilizzo-parks-de","31":"first","32":"instock","33":"purchasable","34":"product-type-simple"},"acf":[],"_links":{"self":[{"href":"https:\/\/innocentiemangonipiante.it\/de\/wp-json\/wp\/v2\/product\/15330","targetHints":{"allow":["GET"]}}],"collection":[{"href":"https:\/\/innocentiemangonipiante.it\/de\/wp-json\/wp\/v2\/product"}],"about":[{"href":"https:\/\/innocentiemangonipiante.it\/de\/wp-json\/wp\/v2\/types\/product"}],"wp:featuredmedia":[{"embeddable":true,"href":"https:\/\/innocentiemangonipiante.it\/de\/wp-json\/wp\/v2\/media\/23414"}],"wp:attachment":[{"href":"https:\/\/innocentiemangonipiante.it\/de\/wp-json\/wp\/v2\/media?parent=15330"}],"wp:term":[{"taxonomy":"product_brand","embeddable":true,"href":"https:\/\/innocentiemangonipiante.it\/de\/wp-json\/wp\/v2\/product_brand?post=15330"},{"taxonomy":"product_cat","embeddable":true,"href":"https:\/\/innocentiemangonipiante.it\/de\/wp-json\/wp\/v2\/product_cat?post=15330"},{"taxonomy":"product_tag","embeddable":true,"href":"https:\/\/innocentiemangonipiante.it\/de\/wp-json\/wp\/v2\/product_tag?post=15330"}],"curies":[{"name":"wp","href":"https:\/\/api.w.org\/{rel}","templated":true}]}}