{"id":15332,"date":"2023-11-04T02:02:47","date_gmt":"2023-11-04T01:02:47","guid":{"rendered":"http:\/\/innocentiemangonipiante.it\/nyssa-sylvatica\/"},"modified":"2023-11-06T19:16:58","modified_gmt":"2023-11-06T18:16:58","slug":"nyssa-sylvatica","status":"publish","type":"product","link":"https:\/\/innocentiemangonipiante.it\/de\/nyssa-sylvatica\/","title":{"rendered":"NYSSA sylvatica"},"content":{"rendered":"<p>Sommergr\u00fcner kegelf\u00f6rmiger Baum mit gr\u00fcnen ovalen bis eif\u00f6rmigen Bl\u00e4ttern im Herbst, die sich von gelben T\u00f6nungen ins orange-rote f\u00e4rben.<\/p>\n","protected":false},"excerpt":{"rendered":"<p>Sommergr\u00fcner kegelf\u00f6rmiger Baum mit gr\u00fcnen ovalen bis eif\u00f6rmigen Bl\u00e4ttern im Herbst, die sich von gelben T\u00f6nungen ins orange-rote f\u00e4rben.<\/p>\n","protected":false},"featured_media":4212,"template":"","meta":{"_acf_changed":false},"product_brand":[],"product_cat":[8813],"product_tag":[10898,8401],"class_list":{"0":"post-15332","1":"product","2":"type-product","3":"status-publish","4":"has-post-thumbnail","6":"product_cat-laubbaume-und-straucher","7":"product_tag-naturlichen","8":"product_tag-hochstamm","9":"pa_altezza-massima-15-meter","10":"pa_altezza-massima-20-meter","11":"pa_condizionamento-clt-de","12":"pa_condizionamento-m-de","13":"pa_famiglia-nyssaceae-de","14":"pa_genere-nyssa-de","15":"pa_inquinamento-bestaendigkeit-gegen-smog","16":"pa_origine-u-s-a","17":"pa_portamento-piramidale-de","18":"pa_resistenza-climatica-sehr-hoch","19":"pa_salinita-bestaendigkeit-in-meeresluft","20":"pa_utilizzo-parks-de","22":"first","23":"instock","24":"purchasable","25":"product-type-simple"},"acf":[],"_links":{"self":[{"href":"https:\/\/innocentiemangonipiante.it\/de\/wp-json\/wp\/v2\/product\/15332","targetHints":{"allow":["GET"]}}],"collection":[{"href":"https:\/\/innocentiemangonipiante.it\/de\/wp-json\/wp\/v2\/product"}],"about":[{"href":"https:\/\/innocentiemangonipiante.it\/de\/wp-json\/wp\/v2\/types\/product"}],"wp:featuredmedia":[{"embeddable":true,"href":"https:\/\/innocentiemangonipiante.it\/de\/wp-json\/wp\/v2\/media\/4212"}],"wp:attachment":[{"href":"https:\/\/innocentiemangonipiante.it\/de\/wp-json\/wp\/v2\/media?parent=15332"}],"wp:term":[{"taxonomy":"product_brand","embeddable":true,"href":"https:\/\/innocentiemangonipiante.it\/de\/wp-json\/wp\/v2\/product_brand?post=15332"},{"taxonomy":"product_cat","embeddable":true,"href":"https:\/\/innocentiemangonipiante.it\/de\/wp-json\/wp\/v2\/product_cat?post=15332"},{"taxonomy":"product_tag","embeddable":true,"href":"https:\/\/innocentiemangonipiante.it\/de\/wp-json\/wp\/v2\/product_tag?post=15332"}],"curies":[{"name":"wp","href":"https:\/\/api.w.org\/{rel}","templated":true}]}}