{"id":15335,"date":"2023-11-04T02:02:58","date_gmt":"2023-11-04T01:02:58","guid":{"rendered":"http:\/\/innocentiemangonipiante.it\/olea-europaea\/"},"modified":"2023-11-06T19:17:03","modified_gmt":"2023-11-06T18:17:03","slug":"olea-europaea","status":"publish","type":"product","link":"https:\/\/innocentiemangonipiante.it\/de\/olea-europaea\/","title":{"rendered":"OLEA europaea"},"content":{"rendered":"<p>\u201cOlivenbaum\u201d (Friedensbaum). Immergr\u00fcner langsam wachsender Baum mit sehr feinen lanzettartigen Bl\u00e4ttern, die graugr\u00fcn auf der Oberseite und silbrig auf der Unterseite sind. Im Sommer bl\u00fchen Rispen mit wei\u00dfen duftenden Bl\u00fcten, die ovale gr\u00fcne bis purpurfarbene Fr\u00fcchte hervorbringen, mit je nach Sorte unterschiedlichen Gr\u00f6\u00dfen, und die f\u00fcr die \u00d6lproduktion geeignet sind. Sehr dekorativ und \u00e4u\u00dferst langlebig.<\/p>\n","protected":false},"excerpt":{"rendered":"<p>\u201cOlivenbaum\u201d (Friedensbaum). Immergr\u00fcner langsam wachsender Baum mit sehr feinen lanzettartigen Bl\u00e4ttern, die graugr\u00fcn auf der Oberseite und silbrig auf der Unterseite sind. Im Sommer bl\u00fchen Rispen mit wei\u00dfen duftenden Bl\u00fcten, die ovale gr\u00fcne bis purpurfarbene Fr\u00fcchte hervorbringen, mit je nach Sorte unterschiedlichen Gr\u00f6\u00dfen, und die f\u00fcr die \u00d6lproduktion geeignet sind. Sehr dekorativ und \u00e4u\u00dferst langlebig.<\/p>\n","protected":false},"featured_media":4219,"template":"","meta":{"_acf_changed":false},"product_brand":[],"product_cat":[8816,9231],"product_tag":[10898,10957,8789,6251,8736,8565,8573,8581,8401,8705,8498,8717,8544,8757],"class_list":{"0":"post-15335","1":"product","2":"type-product","3":"status-publish","4":"has-post-thumbnail","6":"product_cat-hartnaeckige-baeume-und-straeucher","7":"product_cat-baume-und-pflanzen-der-zukunft","8":"product_tag-naturlichen","9":"product_tag-3-aufeinhanderliegenden-kugel","10":"product_tag-alte-stamme","11":"product_tag-bonsai-de","12":"product_tag-fusstamm","13":"product_tag-halbstamm","14":"product_tag-halbstamm-kugel","15":"product_tag-halbstamm-spalier","16":"product_tag-hochstamm","17":"product_tag-kugel","18":"product_tag-mehrstammig-mit-schirmformiger-krone","19":"product_tag-pompons-de","20":"product_tag-solitar","21":"product_tag-spirale-de","22":"pa_altezza-massima-800-de","23":"pa_altezza-massima-1000-de-2","24":"pa_colore-delle-foglie-grauen","25":"pa_colore-fioritura-weis","26":"pa_condizionamento-clt-de","27":"pa_condizionamento-rostfarbenen-spezialtopf","28":"pa_condizionamento-deco-holztopf","29":"pa_condizionamento-m-de","30":"pa_condizionamento-plant-plast-de","31":"pa_condizionamento-schale","32":"pa_famiglia-oleaceae-de","33":"pa_genere-olea-de","34":"pa_origine-europaischen-mittelmeeres","35":"pa_periodo-fioritura-mai-de","36":"pa_periodo-fruttificazione-oktober","37":"pa_portamento-arrotondato-de","38":"pa_profumo-zart","39":"pa_resistenza-climatica-mittel","40":"pa_resistenza-del-suolo-bestandig-gegen-trockene-boden","41":"pa_utilizzo-kleine-gaerten","42":"pa_utilizzo-parks-de","44":"first","45":"instock","46":"purchasable","47":"product-type-simple"},"acf":[],"_links":{"self":[{"href":"https:\/\/innocentiemangonipiante.it\/de\/wp-json\/wp\/v2\/product\/15335","targetHints":{"allow":["GET"]}}],"collection":[{"href":"https:\/\/innocentiemangonipiante.it\/de\/wp-json\/wp\/v2\/product"}],"about":[{"href":"https:\/\/innocentiemangonipiante.it\/de\/wp-json\/wp\/v2\/types\/product"}],"wp:featuredmedia":[{"embeddable":true,"href":"https:\/\/innocentiemangonipiante.it\/de\/wp-json\/wp\/v2\/media\/4219"}],"wp:attachment":[{"href":"https:\/\/innocentiemangonipiante.it\/de\/wp-json\/wp\/v2\/media?parent=15335"}],"wp:term":[{"taxonomy":"product_brand","embeddable":true,"href":"https:\/\/innocentiemangonipiante.it\/de\/wp-json\/wp\/v2\/product_brand?post=15335"},{"taxonomy":"product_cat","embeddable":true,"href":"https:\/\/innocentiemangonipiante.it\/de\/wp-json\/wp\/v2\/product_cat?post=15335"},{"taxonomy":"product_tag","embeddable":true,"href":"https:\/\/innocentiemangonipiante.it\/de\/wp-json\/wp\/v2\/product_tag?post=15335"}],"curies":[{"name":"wp","href":"https:\/\/api.w.org\/{rel}","templated":true}]}}