{"id":15337,"date":"2023-11-04T02:05:15","date_gmt":"2023-11-04T01:05:15","guid":{"rendered":"http:\/\/innocentiemangonipiante.it\/osmanthus-heterophyllus-tricolor\/"},"modified":"2023-11-06T19:19:44","modified_gmt":"2023-11-06T18:19:44","slug":"osmanthus-heterophyllus-tricolor","status":"publish","type":"product","link":"https:\/\/innocentiemangonipiante.it\/de\/osmanthus-heterophyllus-tricolor\/","title":{"rendered":"OSMANTHUS heterophyllus &#8218;Tricolor&#8216;"},"content":{"rendered":"<p>Immergr\u00fcner Strauch mit gr\u00fcn, cremefarben und rosa gestreiften Bl\u00e4ttern, die denen des Aquifolium \u00e4hneln die Bl\u00e4tter sind oval bis elliptisch, tief gez\u00e4hnt und ledern. Zwergw\u00fcchsig.<\/p>\n","protected":false},"excerpt":{"rendered":"<p>Immergr\u00fcner Strauch mit gr\u00fcn, cremefarben und rosa gestreiften Bl\u00e4ttern, die denen des Aquifolium \u00e4hneln die Bl\u00e4tter sind oval bis elliptisch, tief gez\u00e4hnt und ledern. Zwergw\u00fcchsig.<\/p>\n","protected":false},"featured_media":4245,"template":"","meta":{"_acf_changed":false},"product_brand":[],"product_cat":[8816],"product_tag":[10898,8736,8487,8705],"class_list":{"0":"post-15337","1":"product","2":"type-product","3":"status-publish","4":"has-post-thumbnail","6":"product_cat-hartnaeckige-baeume-und-straeucher","7":"product_tag-naturlichen","8":"product_tag-fusstamm","9":"product_tag-kasten","10":"product_tag-kugel","11":"pa_altezza-massima-150-de","12":"pa_altezza-massima-200-de","13":"pa_colore-delle-foglie-vielfaeltigen","14":"pa_colore-fioritura-weis","15":"pa_condizionamento-clt-de","16":"pa_condizionamento-jungplanzen","17":"pa_famiglia-oleaceae-de","18":"pa_genere-osmanthus-de","19":"pa_inquinamento-bestaendigkeit-gegen-smog","20":"pa_origine-ostasien","21":"pa_periodo-fioritura-november-de","22":"pa_periodo-fioritura-oktober","23":"pa_portamento-arrotondato-de","24":"pa_profumo-intensiv","25":"pa_resistenza-climatica-mittel-hoch","26":"pa_resistenza-del-suolo-bestandig-gegen-kalkhaltige-boden","27":"pa_utilizzo-kleine-gaerten","28":"pa_utilizzo-parks-de","30":"first","31":"instock","32":"purchasable","33":"product-type-simple"},"acf":[],"_links":{"self":[{"href":"https:\/\/innocentiemangonipiante.it\/de\/wp-json\/wp\/v2\/product\/15337","targetHints":{"allow":["GET"]}}],"collection":[{"href":"https:\/\/innocentiemangonipiante.it\/de\/wp-json\/wp\/v2\/product"}],"about":[{"href":"https:\/\/innocentiemangonipiante.it\/de\/wp-json\/wp\/v2\/types\/product"}],"wp:featuredmedia":[{"embeddable":true,"href":"https:\/\/innocentiemangonipiante.it\/de\/wp-json\/wp\/v2\/media\/4245"}],"wp:attachment":[{"href":"https:\/\/innocentiemangonipiante.it\/de\/wp-json\/wp\/v2\/media?parent=15337"}],"wp:term":[{"taxonomy":"product_brand","embeddable":true,"href":"https:\/\/innocentiemangonipiante.it\/de\/wp-json\/wp\/v2\/product_brand?post=15337"},{"taxonomy":"product_cat","embeddable":true,"href":"https:\/\/innocentiemangonipiante.it\/de\/wp-json\/wp\/v2\/product_cat?post=15337"},{"taxonomy":"product_tag","embeddable":true,"href":"https:\/\/innocentiemangonipiante.it\/de\/wp-json\/wp\/v2\/product_tag?post=15337"}],"curies":[{"name":"wp","href":"https:\/\/api.w.org\/{rel}","templated":true}]}}