{"id":15338,"date":"2023-11-04T02:04:52","date_gmt":"2023-11-04T01:04:52","guid":{"rendered":"http:\/\/innocentiemangonipiante.it\/osmanthus-heterophyllus\/"},"modified":"2023-11-06T19:18:58","modified_gmt":"2023-11-06T18:18:58","slug":"osmanthus-heterophyllus","status":"publish","type":"product","link":"https:\/\/innocentiemangonipiante.it\/de\/osmanthus-heterophyllus\/","title":{"rendered":"OSMANTHUS heterophyllus"},"content":{"rendered":"<p>Immergr\u00fcner aufrechter Strauch mit dunkelgr\u00fcnen ovalen bis elliptischen Bl\u00e4ttern, die denen des Aquifolium \u00e4hneln, und ledern, gl\u00e4nzend und tief gez\u00e4hnt sind. Von Ende Sommer bis Herbst bl\u00fchen achselst\u00e4ndige Str\u00e4u\u00dfchen mit wei\u00dfen duftenden Bl\u00fcten, aus denen schwarz-blaue Fr\u00fcchte hervorgehen.<\/p>\n","protected":false},"excerpt":{"rendered":"<p>Immergr\u00fcner aufrechter Strauch mit dunkelgr\u00fcnen ovalen bis elliptischen Bl\u00e4ttern, die denen des Aquifolium \u00e4hneln, und ledern, gl\u00e4nzend und tief gez\u00e4hnt sind. Von Ende Sommer bis Herbst bl\u00fchen achselst\u00e4ndige Str\u00e4u\u00dfchen mit wei\u00dfen duftenden Bl\u00fcten, aus denen schwarz-blaue Fr\u00fcchte hervorgehen.<\/p>\n","protected":false},"featured_media":4239,"template":"","meta":{"_acf_changed":false},"product_brand":[],"product_cat":[8816],"product_tag":[10898,8498,8717],"class_list":{"0":"post-15338","1":"product","2":"type-product","3":"status-publish","4":"has-post-thumbnail","6":"product_cat-hartnaeckige-baeume-und-straeucher","7":"product_tag-naturlichen","8":"product_tag-mehrstammig-mit-schirmformiger-krone","9":"product_tag-pompons-de","10":"pa_altezza-massima-400-de","11":"pa_altezza-massima-600-de","12":"pa_colore-fioritura-weis","13":"pa_condizionamento-clt-de","14":"pa_condizionamento-jungplanzen","15":"pa_condizionamento-m-de","16":"pa_condizionamento-schale","17":"pa_famiglia-oleaceae-de","18":"pa_genere-osmanthus-de","19":"pa_inquinamento-bestaendigkeit-gegen-smog","20":"pa_origine-japan-de","21":"pa_periodo-fioritura-oktober","22":"pa_periodo-fioritura-september-de","23":"pa_periodo-fruttificazione-november-de","24":"pa_portamento-arrotondato-de","25":"pa_profumo-intensiv","26":"pa_resistenza-climatica-mittel-hoch","27":"pa_resistenza-del-suolo-bestandig-gegen-kalkhaltige-boden","28":"pa_utilizzo-kleine-gaerten","29":"pa_utilizzo-parks-de","31":"first","32":"instock","33":"purchasable","34":"product-type-simple"},"acf":[],"_links":{"self":[{"href":"https:\/\/innocentiemangonipiante.it\/de\/wp-json\/wp\/v2\/product\/15338","targetHints":{"allow":["GET"]}}],"collection":[{"href":"https:\/\/innocentiemangonipiante.it\/de\/wp-json\/wp\/v2\/product"}],"about":[{"href":"https:\/\/innocentiemangonipiante.it\/de\/wp-json\/wp\/v2\/types\/product"}],"wp:featuredmedia":[{"embeddable":true,"href":"https:\/\/innocentiemangonipiante.it\/de\/wp-json\/wp\/v2\/media\/4239"}],"wp:attachment":[{"href":"https:\/\/innocentiemangonipiante.it\/de\/wp-json\/wp\/v2\/media?parent=15338"}],"wp:term":[{"taxonomy":"product_brand","embeddable":true,"href":"https:\/\/innocentiemangonipiante.it\/de\/wp-json\/wp\/v2\/product_brand?post=15338"},{"taxonomy":"product_cat","embeddable":true,"href":"https:\/\/innocentiemangonipiante.it\/de\/wp-json\/wp\/v2\/product_cat?post=15338"},{"taxonomy":"product_tag","embeddable":true,"href":"https:\/\/innocentiemangonipiante.it\/de\/wp-json\/wp\/v2\/product_tag?post=15338"}],"curies":[{"name":"wp","href":"https:\/\/api.w.org\/{rel}","templated":true}]}}