{"id":15339,"date":"2023-11-04T02:04:31","date_gmt":"2023-11-04T01:04:31","guid":{"rendered":"http:\/\/innocentiemangonipiante.it\/osmanthus-fragrans\/"},"modified":"2023-11-06T19:18:45","modified_gmt":"2023-11-06T18:18:45","slug":"osmanthus-fragrans","status":"publish","type":"product","link":"https:\/\/innocentiemangonipiante.it\/de\/osmanthus-fragrans\/","title":{"rendered":"OSMANTHUS fragrans"},"content":{"rendered":"<p>Immergr\u00fcner aufrechter Strauch mit gr\u00fcnen l\u00e4nglich lanzettartigen, ledernen, ganzrandigen oder gez\u00e4hnten Bl\u00e4ttern. Im Fr\u00fchjahr sprie\u00dfen einzelne oder in achselst\u00e4ndigen Str\u00e4u\u00dfchen sehr aromatische wei\u00dfe Bl\u00fcten manchmal erfolgt eine zweite Bl\u00fcte gegen Sommerende. Eif\u00f6rmige schwarz-blaue Fr\u00fcchte.<\/p>\n","protected":false},"excerpt":{"rendered":"<p>Immergr\u00fcner aufrechter Strauch mit gr\u00fcnen l\u00e4nglich lanzettartigen, ledernen, ganzrandigen oder gez\u00e4hnten Bl\u00e4ttern. Im Fr\u00fchjahr sprie\u00dfen einzelne oder in achselst\u00e4ndigen Str\u00e4u\u00dfchen sehr aromatische wei\u00dfe Bl\u00fcten manchmal erfolgt eine zweite Bl\u00fcte gegen Sommerende. Eif\u00f6rmige schwarz-blaue Fr\u00fcchte.<\/p>\n","protected":false},"featured_media":4233,"template":"","meta":{"_acf_changed":false},"product_brand":[],"product_cat":[8816],"product_tag":[10898,8498],"class_list":{"0":"post-15339","1":"product","2":"type-product","3":"status-publish","4":"has-post-thumbnail","6":"product_cat-hartnaeckige-baeume-und-straeucher","7":"product_tag-naturlichen","8":"product_tag-mehrstammig-mit-schirmformiger-krone","9":"pa_altezza-massima-400-de","10":"pa_altezza-massima-600-de","11":"pa_colore-fioritura-weis","12":"pa_condizionamento-clt-de","13":"pa_condizionamento-jungplanzen","14":"pa_condizionamento-m-de","15":"pa_famiglia-oleaceae-de","16":"pa_genere-osmanthus-de","17":"pa_origine-ostasien","18":"pa_periodo-fioritura-april-de","19":"pa_periodo-fioritura-mai-de","20":"pa_portamento-eretto-de","21":"pa_profumo-intensiv","22":"pa_resistenza-climatica-mittel","23":"pa_resistenza-del-suolo-bestandig-gegen-kalkhaltige-boden","24":"pa_utilizzo-hecken","25":"pa_utilizzo-kleine-gaerten","26":"pa_utilizzo-parks-de","28":"first","29":"instock","30":"purchasable","31":"product-type-simple"},"acf":[],"_links":{"self":[{"href":"https:\/\/innocentiemangonipiante.it\/de\/wp-json\/wp\/v2\/product\/15339","targetHints":{"allow":["GET"]}}],"collection":[{"href":"https:\/\/innocentiemangonipiante.it\/de\/wp-json\/wp\/v2\/product"}],"about":[{"href":"https:\/\/innocentiemangonipiante.it\/de\/wp-json\/wp\/v2\/types\/product"}],"wp:featuredmedia":[{"embeddable":true,"href":"https:\/\/innocentiemangonipiante.it\/de\/wp-json\/wp\/v2\/media\/4233"}],"wp:attachment":[{"href":"https:\/\/innocentiemangonipiante.it\/de\/wp-json\/wp\/v2\/media?parent=15339"}],"wp:term":[{"taxonomy":"product_brand","embeddable":true,"href":"https:\/\/innocentiemangonipiante.it\/de\/wp-json\/wp\/v2\/product_brand?post=15339"},{"taxonomy":"product_cat","embeddable":true,"href":"https:\/\/innocentiemangonipiante.it\/de\/wp-json\/wp\/v2\/product_cat?post=15339"},{"taxonomy":"product_tag","embeddable":true,"href":"https:\/\/innocentiemangonipiante.it\/de\/wp-json\/wp\/v2\/product_tag?post=15339"}],"curies":[{"name":"wp","href":"https:\/\/api.w.org\/{rel}","templated":true}]}}