{"id":15340,"date":"2023-11-04T02:05:30","date_gmt":"2023-11-04T01:05:30","guid":{"rendered":"http:\/\/innocentiemangonipiante.it\/osmanthus-x-fortunei\/"},"modified":"2023-11-06T19:19:54","modified_gmt":"2023-11-06T18:19:54","slug":"osmanthus-x-fortunei","status":"publish","type":"product","link":"https:\/\/innocentiemangonipiante.it\/de\/osmanthus-x-fortunei\/","title":{"rendered":"OSMANTHUS x fortunei"},"content":{"rendered":"<p>Immergr\u00fcner aufrechter Strauch mit dunkelgr\u00fcnen ovalen bis eif\u00f6rmigen Bl\u00e4ttern, die denen des Aquifolium \u00e4hneln und ledern gl\u00e4nzend sind. Von Ende Fr\u00fchjahr bis Herbst bl\u00fchen Str\u00e4u\u00dfchen mit wei\u00dfen duftenden Bl\u00fcten.<\/p>\n","protected":false},"excerpt":{"rendered":"<p>Immergr\u00fcner aufrechter Strauch mit dunkelgr\u00fcnen ovalen bis eif\u00f6rmigen Bl\u00e4ttern, die denen des Aquifolium \u00e4hneln und ledern gl\u00e4nzend sind. Von Ende Fr\u00fchjahr bis Herbst bl\u00fchen Str\u00e4u\u00dfchen mit wei\u00dfen duftenden Bl\u00fcten.<\/p>\n","protected":false},"featured_media":4262,"template":"","meta":{"_acf_changed":false},"product_brand":[],"product_cat":[8816],"product_tag":[10898,8401,8705,8498],"class_list":{"0":"post-15340","1":"product","2":"type-product","3":"status-publish","4":"has-post-thumbnail","6":"product_cat-hartnaeckige-baeume-und-straeucher","7":"product_tag-naturlichen","8":"product_tag-hochstamm","9":"product_tag-kugel","10":"product_tag-mehrstammig-mit-schirmformiger-krone","11":"pa_altezza-massima-400-de","12":"pa_altezza-massima-600-de","13":"pa_colore-fioritura-weis","14":"pa_condizionamento-clt-de","15":"pa_condizionamento-jungplanzen","16":"pa_condizionamento-m-de","17":"pa_famiglia-oleaceae-de","18":"pa_genere-osmanthus-de","19":"pa_origine-ostasien","20":"pa_periodo-fioritura-oktober","21":"pa_periodo-fioritura-september-de","22":"pa_portamento-eretto-de","23":"pa_profumo-intensiv","24":"pa_resistenza-climatica-mittel-hoch","25":"pa_resistenza-del-suolo-bestandig-gegen-kalkhaltige-boden","26":"pa_utilizzo-hecken","27":"pa_utilizzo-kleine-gaerten","28":"pa_utilizzo-parks-de","30":"first","31":"instock","32":"purchasable","33":"product-type-simple"},"acf":[],"_links":{"self":[{"href":"https:\/\/innocentiemangonipiante.it\/de\/wp-json\/wp\/v2\/product\/15340","targetHints":{"allow":["GET"]}}],"collection":[{"href":"https:\/\/innocentiemangonipiante.it\/de\/wp-json\/wp\/v2\/product"}],"about":[{"href":"https:\/\/innocentiemangonipiante.it\/de\/wp-json\/wp\/v2\/types\/product"}],"wp:featuredmedia":[{"embeddable":true,"href":"https:\/\/innocentiemangonipiante.it\/de\/wp-json\/wp\/v2\/media\/4262"}],"wp:attachment":[{"href":"https:\/\/innocentiemangonipiante.it\/de\/wp-json\/wp\/v2\/media?parent=15340"}],"wp:term":[{"taxonomy":"product_brand","embeddable":true,"href":"https:\/\/innocentiemangonipiante.it\/de\/wp-json\/wp\/v2\/product_brand?post=15340"},{"taxonomy":"product_cat","embeddable":true,"href":"https:\/\/innocentiemangonipiante.it\/de\/wp-json\/wp\/v2\/product_cat?post=15340"},{"taxonomy":"product_tag","embeddable":true,"href":"https:\/\/innocentiemangonipiante.it\/de\/wp-json\/wp\/v2\/product_tag?post=15340"}],"curies":[{"name":"wp","href":"https:\/\/api.w.org\/{rel}","templated":true}]}}