{"id":15342,"date":"2023-11-04T02:05:36","date_gmt":"2023-11-04T01:05:36","guid":{"rendered":"http:\/\/innocentiemangonipiante.it\/osmarea-burkwoodii\/"},"modified":"2023-11-06T19:20:00","modified_gmt":"2023-11-06T18:20:00","slug":"osmarea-burkwoodii","status":"publish","type":"product","link":"https:\/\/innocentiemangonipiante.it\/de\/osmarea-burkwoodii\/","title":{"rendered":"OSMAREA burkwoodii"},"content":{"rendered":"<p>Immergr\u00fcner Strauch mit dunkelgr\u00fcnen ovalen bis eif\u00f6rmigen, ledernen und gl\u00e4nzenden Bl\u00e4ttern. Mitte bis Ende Fr\u00fchjahr sprie\u00dfen wei\u00dfe r\u00f6hrenf\u00f6rmige stark aromatische Bl\u00fcten in achselst\u00e4ndigen Str\u00e4u\u00dfchen.<\/p>\n","protected":false},"excerpt":{"rendered":"<p>Immergr\u00fcner Strauch mit dunkelgr\u00fcnen ovalen bis eif\u00f6rmigen, ledernen und gl\u00e4nzenden Bl\u00e4ttern. Mitte bis Ende Fr\u00fchjahr sprie\u00dfen wei\u00dfe r\u00f6hrenf\u00f6rmige stark aromatische Bl\u00fcten in achselst\u00e4ndigen Str\u00e4u\u00dfchen.<\/p>\n","protected":false},"featured_media":4268,"template":"","meta":{"_acf_changed":false},"product_brand":[],"product_cat":[8816],"product_tag":[10898,8487,8705,8498],"class_list":{"0":"post-15342","1":"product","2":"type-product","3":"status-publish","4":"has-post-thumbnail","6":"product_cat-hartnaeckige-baeume-und-straeucher","7":"product_tag-naturlichen","8":"product_tag-kasten","9":"product_tag-kugel","10":"product_tag-mehrstammig-mit-schirmformiger-krone","11":"pa_altezza-massima-200-de","12":"pa_altezza-massima-300-de","13":"pa_colore-fioritura-weis","14":"pa_condizionamento-clt-de","15":"pa_condizionamento-jungplanzen","16":"pa_condizionamento-schale","17":"pa_famiglia-oleaceae-de","18":"pa_genere-osmarea-de","19":"pa_origine-england-de","20":"pa_periodo-fioritura-april-de","21":"pa_periodo-fioritura-mai-de","22":"pa_portamento-arrotondato-de","23":"pa_profumo-intensiv","24":"pa_resistenza-climatica-sehr-hoch","25":"pa_resistenza-del-suolo-bestandig-gegen-kalkhaltige-boden","26":"pa_utilizzo-hecken","27":"pa_utilizzo-kleine-gaerten","28":"pa_utilizzo-parks-de","30":"first","31":"instock","32":"purchasable","33":"product-type-simple"},"acf":[],"_links":{"self":[{"href":"https:\/\/innocentiemangonipiante.it\/de\/wp-json\/wp\/v2\/product\/15342","targetHints":{"allow":["GET"]}}],"collection":[{"href":"https:\/\/innocentiemangonipiante.it\/de\/wp-json\/wp\/v2\/product"}],"about":[{"href":"https:\/\/innocentiemangonipiante.it\/de\/wp-json\/wp\/v2\/types\/product"}],"wp:featuredmedia":[{"embeddable":true,"href":"https:\/\/innocentiemangonipiante.it\/de\/wp-json\/wp\/v2\/media\/4268"}],"wp:attachment":[{"href":"https:\/\/innocentiemangonipiante.it\/de\/wp-json\/wp\/v2\/media?parent=15342"}],"wp:term":[{"taxonomy":"product_brand","embeddable":true,"href":"https:\/\/innocentiemangonipiante.it\/de\/wp-json\/wp\/v2\/product_brand?post=15342"},{"taxonomy":"product_cat","embeddable":true,"href":"https:\/\/innocentiemangonipiante.it\/de\/wp-json\/wp\/v2\/product_cat?post=15342"},{"taxonomy":"product_tag","embeddable":true,"href":"https:\/\/innocentiemangonipiante.it\/de\/wp-json\/wp\/v2\/product_tag?post=15342"}],"curies":[{"name":"wp","href":"https:\/\/api.w.org\/{rel}","templated":true}]}}