{"id":15344,"date":"2023-11-04T02:06:11","date_gmt":"2023-11-04T01:06:11","guid":{"rendered":"http:\/\/innocentiemangonipiante.it\/paeonia-suffruticosa\/"},"modified":"2023-11-06T19:20:33","modified_gmt":"2023-11-06T18:20:33","slug":"paeonia-suffruticosa","status":"publish","type":"product","link":"https:\/\/innocentiemangonipiante.it\/de\/paeonia-suffruticosa\/","title":{"rendered":"PAEONIA suffruticosa"},"content":{"rendered":"<p>\u201cStrauch-P\u00e4onie\u201d. Aufrechter sommergr\u00fcner Strauch mit dunkelgr\u00fcnen Bl\u00e4ttern, die auf der Unterseite blaugr\u00fcn sind. Jedes Blatt besteht aus 9 elliptischen bis eif\u00f6rmigen Bl\u00e4ttchen. Einfache, unterschiedlich breite becherf\u00f6rmige Bl\u00fcten ab Ende Fr\u00fchjahr und Anfang Sommer.<\/p>\n","protected":false},"excerpt":{"rendered":"<p>\u201cStrauch-P\u00e4onie\u201d. Aufrechter sommergr\u00fcner Strauch mit dunkelgr\u00fcnen Bl\u00e4ttern, die auf der Unterseite blaugr\u00fcn sind. Jedes Blatt besteht aus 9 elliptischen bis eif\u00f6rmigen Bl\u00e4ttchen. Einfache, unterschiedlich breite becherf\u00f6rmige Bl\u00fcten ab Ende Fr\u00fchjahr und Anfang Sommer.<\/p>\n","protected":false},"featured_media":4275,"template":"","meta":{"_acf_changed":false},"product_brand":[],"product_cat":[8813],"product_tag":[10898],"class_list":{"0":"post-15344","1":"product","2":"type-product","3":"status-publish","4":"has-post-thumbnail","6":"product_cat-laubbaume-und-straucher","7":"product_tag-naturlichen","8":"pa_altezza-massima-150-de","9":"pa_altezza-massima-200-de","10":"pa_condizionamento-clt-de","11":"pa_famiglia-paeoniaceae-de","12":"pa_genere-paeonia-de","13":"pa_origine-ostasien","14":"pa_periodo-fioritura-juni","15":"pa_periodo-fioritura-mai-de","16":"pa_portamento-eretto-de","17":"pa_resistenza-climatica-mittel-hoch","18":"pa_utilizzo-kleine-gaerten","19":"pa_utilizzo-parks-de","21":"first","22":"instock","23":"purchasable","24":"product-type-simple"},"acf":[],"_links":{"self":[{"href":"https:\/\/innocentiemangonipiante.it\/de\/wp-json\/wp\/v2\/product\/15344","targetHints":{"allow":["GET"]}}],"collection":[{"href":"https:\/\/innocentiemangonipiante.it\/de\/wp-json\/wp\/v2\/product"}],"about":[{"href":"https:\/\/innocentiemangonipiante.it\/de\/wp-json\/wp\/v2\/types\/product"}],"wp:featuredmedia":[{"embeddable":true,"href":"https:\/\/innocentiemangonipiante.it\/de\/wp-json\/wp\/v2\/media\/4275"}],"wp:attachment":[{"href":"https:\/\/innocentiemangonipiante.it\/de\/wp-json\/wp\/v2\/media?parent=15344"}],"wp:term":[{"taxonomy":"product_brand","embeddable":true,"href":"https:\/\/innocentiemangonipiante.it\/de\/wp-json\/wp\/v2\/product_brand?post=15344"},{"taxonomy":"product_cat","embeddable":true,"href":"https:\/\/innocentiemangonipiante.it\/de\/wp-json\/wp\/v2\/product_cat?post=15344"},{"taxonomy":"product_tag","embeddable":true,"href":"https:\/\/innocentiemangonipiante.it\/de\/wp-json\/wp\/v2\/product_tag?post=15344"}],"curies":[{"name":"wp","href":"https:\/\/api.w.org\/{rel}","templated":true}]}}