{"id":15345,"date":"2023-11-04T02:06:17","date_gmt":"2023-11-04T01:06:17","guid":{"rendered":"http:\/\/innocentiemangonipiante.it\/pandorea-jasminoides\/"},"modified":"2023-11-06T19:20:35","modified_gmt":"2023-11-06T18:20:35","slug":"pandorea-jasminoides","status":"publish","type":"product","link":"https:\/\/innocentiemangonipiante.it\/de\/pandorea-jasminoides\/","title":{"rendered":"PANDOREA jasminoides"},"content":{"rendered":"<p>Kr\u00e4ftige, unbest\u00e4ndige Kletterpflanze mit krummem Astwerk und gefingerten Bl\u00e4ttern, die aus 5-7 eif\u00f6rmigen-lanzettartigen Bl\u00e4ttchen bestehen, die gl\u00e4nzend, lebhaft gr\u00fcn und bis zu 5 cm lang sind. Ab Fr\u00fchjahr sprie\u00dfen wei\u00df-rosafarbene r\u00f6hrenf\u00f6rmige Bl\u00fcten, die in der Mitte eine intensiv rosa F\u00e4rbung haben und die auf kleinen Rispen sitzen.<\/p>\n","protected":false},"excerpt":{"rendered":"<p>Kr\u00e4ftige, unbest\u00e4ndige Kletterpflanze mit krummem Astwerk und gefingerten Bl\u00e4ttern, die aus 5-7 eif\u00f6rmigen-lanzettartigen Bl\u00e4ttchen bestehen, die gl\u00e4nzend, lebhaft gr\u00fcn und bis zu 5 cm lang sind. Ab Fr\u00fchjahr sprie\u00dfen wei\u00df-rosafarbene r\u00f6hrenf\u00f6rmige Bl\u00fcten, die in der Mitte eine intensiv rosa F\u00e4rbung haben und die auf kleinen Rispen sitzen.<\/p>\n","protected":false},"featured_media":4281,"template":"","meta":{"_acf_changed":false},"product_brand":[],"product_cat":[8837],"product_tag":[10898],"class_list":{"0":"post-15345","1":"product","2":"type-product","3":"status-publish","4":"has-post-thumbnail","6":"product_cat-schlingpflanzen","7":"product_tag-naturlichen","8":"pa_altezza-massima-300-de","9":"pa_altezza-massima-400-de","10":"pa_colore-fioritura-rose-de","11":"pa_condizionamento-clt-de","12":"pa_famiglia-bignoniaceae-de","13":"pa_genere-pandorea-de","14":"pa_origine-australien","15":"pa_periodo-fioritura-april-de","16":"pa_periodo-fioritura-mai-de","17":"pa_portamento-schlingpflanze","18":"pa_resistenza-climatica-pflanzen-mit-geringem-klimawiderstand","19":"pa_resistenza-del-suolo-bestandig-gegen-trockene-boden","20":"pa_utilizzo-kleine-gaerten","21":"pa_utilizzo-parks-de","23":"first","24":"instock","25":"purchasable","26":"product-type-simple"},"acf":[],"_links":{"self":[{"href":"https:\/\/innocentiemangonipiante.it\/de\/wp-json\/wp\/v2\/product\/15345","targetHints":{"allow":["GET"]}}],"collection":[{"href":"https:\/\/innocentiemangonipiante.it\/de\/wp-json\/wp\/v2\/product"}],"about":[{"href":"https:\/\/innocentiemangonipiante.it\/de\/wp-json\/wp\/v2\/types\/product"}],"wp:featuredmedia":[{"embeddable":true,"href":"https:\/\/innocentiemangonipiante.it\/de\/wp-json\/wp\/v2\/media\/4281"}],"wp:attachment":[{"href":"https:\/\/innocentiemangonipiante.it\/de\/wp-json\/wp\/v2\/media?parent=15345"}],"wp:term":[{"taxonomy":"product_brand","embeddable":true,"href":"https:\/\/innocentiemangonipiante.it\/de\/wp-json\/wp\/v2\/product_brand?post=15345"},{"taxonomy":"product_cat","embeddable":true,"href":"https:\/\/innocentiemangonipiante.it\/de\/wp-json\/wp\/v2\/product_cat?post=15345"},{"taxonomy":"product_tag","embeddable":true,"href":"https:\/\/innocentiemangonipiante.it\/de\/wp-json\/wp\/v2\/product_tag?post=15345"}],"curies":[{"name":"wp","href":"https:\/\/api.w.org\/{rel}","templated":true}]}}