{"id":15348,"date":"2023-11-04T02:06:54","date_gmt":"2023-11-04T01:06:54","guid":{"rendered":"http:\/\/innocentiemangonipiante.it\/parrotia-persica\/"},"modified":"2023-11-06T19:20:52","modified_gmt":"2023-11-06T18:20:52","slug":"parrotia-persica","status":"publish","type":"product","link":"https:\/\/innocentiemangonipiante.it\/de\/parrotia-persica\/","title":{"rendered":"PARROTIA persica"},"content":{"rendered":"<p>Sommergr\u00fcner Baum mit gr\u00fcnen eif\u00f6rmigen Bl\u00e4ttern, die sich im Herbst purpurrot f\u00e4rben. Die Rinde sch\u00e4lt sich im Alter ab (wie beim Platanus). Sehr kleine rote Bl\u00fcten in Str\u00e4u\u00dfchen Anfang Fr\u00fchjahr vor dem Blattwuchs.<\/p>\n","protected":false},"excerpt":{"rendered":"<p>Sommergr\u00fcner Baum mit gr\u00fcnen eif\u00f6rmigen Bl\u00e4ttern, die sich im Herbst purpurrot f\u00e4rben. Die Rinde sch\u00e4lt sich im Alter ab (wie beim Platanus). Sehr kleine rote Bl\u00fcten in Str\u00e4u\u00dfchen Anfang Fr\u00fchjahr vor dem Blattwuchs.<\/p>\n","protected":false},"featured_media":4293,"template":"","meta":{"_acf_changed":false},"product_brand":[],"product_cat":[8813,9231],"product_tag":[10898],"class_list":{"0":"post-15348","1":"product","2":"type-product","3":"status-publish","4":"has-post-thumbnail","6":"product_cat-laubbaume-und-straucher","7":"product_cat-baume-und-pflanzen-der-zukunft","8":"product_tag-naturlichen","9":"pa_altezza-massima-800-de","10":"pa_altezza-massima-1000-de-2","11":"pa_colore-fioritura-rot","12":"pa_famiglia-hamamelidaceae-de","13":"pa_genere-parrotia-de","14":"pa_inquinamento-bestaendigkeit-gegen-smog","15":"pa_origine-iran-de","16":"pa_periodo-fioritura-maerz","17":"pa_portamento-arrotondato-de","18":"pa_resistenza-climatica-sehr-hoch","19":"pa_resistenza-del-suolo-bestandig-gegen-trockene-boden","20":"pa_utilizzo-kleine-gaerten","21":"pa_utilizzo-parks-de","23":"first","24":"instock","25":"purchasable","26":"product-type-simple"},"acf":[],"_links":{"self":[{"href":"https:\/\/innocentiemangonipiante.it\/de\/wp-json\/wp\/v2\/product\/15348","targetHints":{"allow":["GET"]}}],"collection":[{"href":"https:\/\/innocentiemangonipiante.it\/de\/wp-json\/wp\/v2\/product"}],"about":[{"href":"https:\/\/innocentiemangonipiante.it\/de\/wp-json\/wp\/v2\/types\/product"}],"wp:featuredmedia":[{"embeddable":true,"href":"https:\/\/innocentiemangonipiante.it\/de\/wp-json\/wp\/v2\/media\/4293"}],"wp:attachment":[{"href":"https:\/\/innocentiemangonipiante.it\/de\/wp-json\/wp\/v2\/media?parent=15348"}],"wp:term":[{"taxonomy":"product_brand","embeddable":true,"href":"https:\/\/innocentiemangonipiante.it\/de\/wp-json\/wp\/v2\/product_brand?post=15348"},{"taxonomy":"product_cat","embeddable":true,"href":"https:\/\/innocentiemangonipiante.it\/de\/wp-json\/wp\/v2\/product_cat?post=15348"},{"taxonomy":"product_tag","embeddable":true,"href":"https:\/\/innocentiemangonipiante.it\/de\/wp-json\/wp\/v2\/product_tag?post=15348"}],"curies":[{"name":"wp","href":"https:\/\/api.w.org\/{rel}","templated":true}]}}