{"id":15350,"date":"2023-11-04T02:08:09","date_gmt":"2023-11-04T01:08:09","guid":{"rendered":"http:\/\/innocentiemangonipiante.it\/parthenocissus-tricuspidata-veitchii\/"},"modified":"2023-11-06T19:21:51","modified_gmt":"2023-11-06T18:21:51","slug":"parthenocissus-tricuspidata-veitchii","status":"publish","type":"product","link":"https:\/\/innocentiemangonipiante.it\/de\/parthenocissus-tricuspidata-veitchii\/","title":{"rendered":"PARTHENOCISSUS tricuspidata &#8218;Veitchii&#8216;"},"content":{"rendered":"<p>Durch Pfropfen veredelte Sorte mit gr\u00f6\u00dferen Bl\u00e4ttern als die der Grundsorte, die 15-20 cm lang werden, gl\u00e4nzend gr\u00fcn sind und im Herbst purpurrot werden.<\/p>\n","protected":false},"excerpt":{"rendered":"<p>Durch Pfropfen veredelte Sorte mit gr\u00f6\u00dferen Bl\u00e4ttern als die der Grundsorte, die 15-20 cm lang werden, gl\u00e4nzend gr\u00fcn sind und im Herbst purpurrot werden.<\/p>\n","protected":false},"featured_media":4313,"template":"","meta":{"_acf_changed":false},"product_brand":[],"product_cat":[8837],"product_tag":[10898],"class_list":{"0":"post-15350","1":"product","2":"type-product","3":"status-publish","4":"has-post-thumbnail","6":"product_cat-schlingpflanzen","7":"product_tag-naturlichen","8":"pa_altezza-massima-15-meter","9":"pa_altezza-massima-20-meter","10":"pa_condizionamento-clt-de","11":"pa_famiglia-vitaceae-de","12":"pa_genere-parthenocissus-de","13":"pa_origine-ostasien","14":"pa_portamento-schlingpflanze","15":"pa_resistenza-climatica-sehr-hoch","16":"pa_resistenza-del-suolo-bestandig-gegen-kalkhaltige-boden","17":"pa_resistenza-del-suolo-bestandig-gegen-trockene-boden","18":"pa_utilizzo-kleine-gaerten","19":"pa_utilizzo-parks-de","21":"first","22":"instock","23":"purchasable","24":"product-type-simple"},"acf":[],"_links":{"self":[{"href":"https:\/\/innocentiemangonipiante.it\/de\/wp-json\/wp\/v2\/product\/15350","targetHints":{"allow":["GET"]}}],"collection":[{"href":"https:\/\/innocentiemangonipiante.it\/de\/wp-json\/wp\/v2\/product"}],"about":[{"href":"https:\/\/innocentiemangonipiante.it\/de\/wp-json\/wp\/v2\/types\/product"}],"wp:featuredmedia":[{"embeddable":true,"href":"https:\/\/innocentiemangonipiante.it\/de\/wp-json\/wp\/v2\/media\/4313"}],"wp:attachment":[{"href":"https:\/\/innocentiemangonipiante.it\/de\/wp-json\/wp\/v2\/media?parent=15350"}],"wp:term":[{"taxonomy":"product_brand","embeddable":true,"href":"https:\/\/innocentiemangonipiante.it\/de\/wp-json\/wp\/v2\/product_brand?post=15350"},{"taxonomy":"product_cat","embeddable":true,"href":"https:\/\/innocentiemangonipiante.it\/de\/wp-json\/wp\/v2\/product_cat?post=15350"},{"taxonomy":"product_tag","embeddable":true,"href":"https:\/\/innocentiemangonipiante.it\/de\/wp-json\/wp\/v2\/product_tag?post=15350"}],"curies":[{"name":"wp","href":"https:\/\/api.w.org\/{rel}","templated":true}]}}