{"id":15351,"date":"2023-11-04T02:07:51","date_gmt":"2023-11-04T01:07:51","guid":{"rendered":"http:\/\/innocentiemangonipiante.it\/parthenocissus-quinquaefolia\/"},"modified":"2023-11-06T19:21:19","modified_gmt":"2023-11-06T18:21:19","slug":"parthenocissus-quinquaefolia","status":"publish","type":"product","link":"https:\/\/innocentiemangonipiante.it\/de\/parthenocissus-quinquaefolia\/","title":{"rendered":"PARTHENOCISSUS quinquaefolia"},"content":{"rendered":"<p>Kr\u00e4ftige holzige Kletterpflanze mit gefingerten Bl\u00e4ttern, die aus 5 ovalen, spitzz\u00e4hnigen und bis zu 10 cm langen gr\u00fcnen Bl\u00e4ttchen bestehen, die im Herbst leuchtend rot werden.<\/p>\n","protected":false},"excerpt":{"rendered":"<p>Kr\u00e4ftige holzige Kletterpflanze mit gefingerten Bl\u00e4ttern, die aus 5 ovalen, spitzz\u00e4hnigen und bis zu 10 cm langen gr\u00fcnen Bl\u00e4ttchen bestehen, die im Herbst leuchtend rot werden.<\/p>\n","protected":false},"featured_media":23583,"template":"","meta":{"_acf_changed":false},"product_brand":[],"product_cat":[8837],"product_tag":[10898],"class_list":{"0":"post-15351","1":"product","2":"type-product","3":"status-publish","4":"has-post-thumbnail","6":"product_cat-schlingpflanzen","7":"product_tag-naturlichen","8":"pa_altezza-massima-15-meter","9":"pa_altezza-massima-20-meter","10":"pa_condizionamento-clt-de","11":"pa_famiglia-vitaceae-de","12":"pa_genere-parthenocissus-de","13":"pa_inquinamento-bestaendigkeit-gegen-smog","14":"pa_origine-u-s-a","15":"pa_periodo-fioritura-juni","16":"pa_portamento-schlingpflanze","17":"pa_resistenza-climatica-sehr-hoch","18":"pa_resistenza-del-suolo-bestandig-gegen-kalkhaltige-boden","19":"pa_resistenza-del-suolo-bestandig-gegen-trockene-boden","20":"pa_salinita-bestaendigkeit-in-meeresluft","21":"pa_utilizzo-kleine-gaerten","22":"pa_utilizzo-parks-de","24":"first","25":"instock","26":"purchasable","27":"product-type-simple"},"acf":[],"_links":{"self":[{"href":"https:\/\/innocentiemangonipiante.it\/de\/wp-json\/wp\/v2\/product\/15351","targetHints":{"allow":["GET"]}}],"collection":[{"href":"https:\/\/innocentiemangonipiante.it\/de\/wp-json\/wp\/v2\/product"}],"about":[{"href":"https:\/\/innocentiemangonipiante.it\/de\/wp-json\/wp\/v2\/types\/product"}],"wp:featuredmedia":[{"embeddable":true,"href":"https:\/\/innocentiemangonipiante.it\/de\/wp-json\/wp\/v2\/media\/23583"}],"wp:attachment":[{"href":"https:\/\/innocentiemangonipiante.it\/de\/wp-json\/wp\/v2\/media?parent=15351"}],"wp:term":[{"taxonomy":"product_brand","embeddable":true,"href":"https:\/\/innocentiemangonipiante.it\/de\/wp-json\/wp\/v2\/product_brand?post=15351"},{"taxonomy":"product_cat","embeddable":true,"href":"https:\/\/innocentiemangonipiante.it\/de\/wp-json\/wp\/v2\/product_cat?post=15351"},{"taxonomy":"product_tag","embeddable":true,"href":"https:\/\/innocentiemangonipiante.it\/de\/wp-json\/wp\/v2\/product_tag?post=15351"}],"curies":[{"name":"wp","href":"https:\/\/api.w.org\/{rel}","templated":true}]}}