{"id":15352,"date":"2023-11-04T02:08:17","date_gmt":"2023-11-04T01:08:17","guid":{"rendered":"http:\/\/innocentiemangonipiante.it\/passiflora-caerulea\/"},"modified":"2023-11-06T19:21:54","modified_gmt":"2023-11-06T18:21:54","slug":"passiflora-caerulea","status":"publish","type":"product","link":"https:\/\/innocentiemangonipiante.it\/de\/passiflora-caerulea\/","title":{"rendered":"PASSIFLORA caerulea"},"content":{"rendered":"<p>\u201cPassionsblume\u201d. Schnell wachsende Kletterpflanze mit viereckigen Zweigen und f\u00fcnflappigen Bl\u00e4ttern. Von Sommer bis Herbst bl\u00fchen wei\u00dfe becherf\u00f6rmige Bl\u00fcten mit purpurblauen Kronbl\u00e4ttern. Die Fr\u00fcchte sind eif\u00f6rmig und orange-gelblich.<\/p>\n","protected":false},"excerpt":{"rendered":"<p>\u201cPassionsblume\u201d. Schnell wachsende Kletterpflanze mit viereckigen Zweigen und f\u00fcnflappigen Bl\u00e4ttern. Von Sommer bis Herbst bl\u00fchen wei\u00dfe becherf\u00f6rmige Bl\u00fcten mit purpurblauen Kronbl\u00e4ttern. Die Fr\u00fcchte sind eif\u00f6rmig und orange-gelblich.<\/p>\n","protected":false},"featured_media":4319,"template":"","meta":{"_acf_changed":false},"product_brand":[],"product_cat":[8837,9231],"product_tag":[10898],"class_list":{"0":"post-15352","1":"product","2":"type-product","3":"status-publish","4":"has-post-thumbnail","6":"product_cat-schlingpflanzen","7":"product_cat-baume-und-pflanzen-der-zukunft","8":"product_tag-naturlichen","9":"pa_altezza-massima-600-de","10":"pa_altezza-massima-900-de","11":"pa_colore-fioritura-weis","12":"pa_condizionamento-clt-de","13":"pa_famiglia-passifloraceae-de","14":"pa_genere-passiflora-de","15":"pa_origine-brasilien","16":"pa_periodo-fioritura-august-de","17":"pa_periodo-fioritura-juli","18":"pa_periodo-fioritura-juni","19":"pa_periodo-fioritura-september-de","20":"pa_periodo-fruttificazione-juli","21":"pa_portamento-schlingpflanze","22":"pa_resistenza-climatica-mittel","23":"pa_utilizzo-balkone","24":"pa_utilizzo-kleine-gaerten","26":"first","27":"instock","28":"purchasable","29":"product-type-simple"},"acf":[],"_links":{"self":[{"href":"https:\/\/innocentiemangonipiante.it\/de\/wp-json\/wp\/v2\/product\/15352","targetHints":{"allow":["GET"]}}],"collection":[{"href":"https:\/\/innocentiemangonipiante.it\/de\/wp-json\/wp\/v2\/product"}],"about":[{"href":"https:\/\/innocentiemangonipiante.it\/de\/wp-json\/wp\/v2\/types\/product"}],"wp:featuredmedia":[{"embeddable":true,"href":"https:\/\/innocentiemangonipiante.it\/de\/wp-json\/wp\/v2\/media\/4319"}],"wp:attachment":[{"href":"https:\/\/innocentiemangonipiante.it\/de\/wp-json\/wp\/v2\/media?parent=15352"}],"wp:term":[{"taxonomy":"product_brand","embeddable":true,"href":"https:\/\/innocentiemangonipiante.it\/de\/wp-json\/wp\/v2\/product_brand?post=15352"},{"taxonomy":"product_cat","embeddable":true,"href":"https:\/\/innocentiemangonipiante.it\/de\/wp-json\/wp\/v2\/product_cat?post=15352"},{"taxonomy":"product_tag","embeddable":true,"href":"https:\/\/innocentiemangonipiante.it\/de\/wp-json\/wp\/v2\/product_tag?post=15352"}],"curies":[{"name":"wp","href":"https:\/\/api.w.org\/{rel}","templated":true}]}}