{"id":15353,"date":"2023-11-04T02:08:24","date_gmt":"2023-11-04T01:08:24","guid":{"rendered":"http:\/\/innocentiemangonipiante.it\/paulownia-tomentosa\/"},"modified":"2023-11-06T19:21:57","modified_gmt":"2023-11-06T18:21:57","slug":"paulownia-tomentosa","status":"publish","type":"product","link":"https:\/\/innocentiemangonipiante.it\/de\/paulownia-tomentosa\/","title":{"rendered":"PAULOWNIA tomentosa"},"content":{"rendered":"<p>Schnellwachsender sommergr\u00fcner Baum mit gr\u00fcnen eif\u00f6rmigen bis 30 cm langen Bl\u00e4ttern, die einen sehr dichten Flaum auf der Unterseite haben. Die Bl\u00fctezeit ist im sp\u00e4ten Fr\u00fchjahr mit aufrecht stehenden Rispen mit lilla duftenden Bl\u00fcten, die innen purpurfarbene gelbe Zeichen haben. Widerstandsf\u00e4hig gegen Umweltverschmutzung.<\/p>\n","protected":false},"excerpt":{"rendered":"<p>Schnellwachsender sommergr\u00fcner Baum mit gr\u00fcnen eif\u00f6rmigen bis 30 cm langen Bl\u00e4ttern, die einen sehr dichten Flaum auf der Unterseite haben. Die Bl\u00fctezeit ist im sp\u00e4ten Fr\u00fchjahr mit aufrecht stehenden Rispen mit lilla duftenden Bl\u00fcten, die innen purpurfarbene gelbe Zeichen haben. Widerstandsf\u00e4hig gegen Umweltverschmutzung.<\/p>\n","protected":false},"featured_media":4325,"template":"","meta":{"_acf_changed":false},"product_brand":[],"product_cat":[8813,9231],"product_tag":[10898,8401,8597],"class_list":{"0":"post-15353","1":"product","2":"type-product","3":"status-publish","4":"has-post-thumbnail","6":"product_cat-laubbaume-und-straucher","7":"product_cat-baume-und-pflanzen-der-zukunft","8":"product_tag-naturlichen","9":"product_tag-hochstamm","10":"product_tag-multistamm","11":"pa_altezza-massima-800-de","12":"pa_altezza-massima-12-meter","13":"pa_colore-fioritura-lila","14":"pa_condizionamento-clt-de","15":"pa_condizionamento-m-de","16":"pa_famiglia-scrophulariaceae-de","17":"pa_genere-paulownia-de","18":"pa_inquinamento-bestaendigkeit-gegen-smog","19":"pa_origine-ostasien","20":"pa_periodo-fioritura-mai-de","21":"pa_portamento-allargato-de","22":"pa_resistenza-climatica-sehr-hoch","23":"pa_resistenza-del-suolo-bestandig-gegen-kalkhaltige-boden","24":"pa_utilizzo-parks-de","26":"first","27":"instock","28":"purchasable","29":"product-type-simple"},"acf":[],"_links":{"self":[{"href":"https:\/\/innocentiemangonipiante.it\/de\/wp-json\/wp\/v2\/product\/15353","targetHints":{"allow":["GET"]}}],"collection":[{"href":"https:\/\/innocentiemangonipiante.it\/de\/wp-json\/wp\/v2\/product"}],"about":[{"href":"https:\/\/innocentiemangonipiante.it\/de\/wp-json\/wp\/v2\/types\/product"}],"wp:featuredmedia":[{"embeddable":true,"href":"https:\/\/innocentiemangonipiante.it\/de\/wp-json\/wp\/v2\/media\/4325"}],"wp:attachment":[{"href":"https:\/\/innocentiemangonipiante.it\/de\/wp-json\/wp\/v2\/media?parent=15353"}],"wp:term":[{"taxonomy":"product_brand","embeddable":true,"href":"https:\/\/innocentiemangonipiante.it\/de\/wp-json\/wp\/v2\/product_brand?post=15353"},{"taxonomy":"product_cat","embeddable":true,"href":"https:\/\/innocentiemangonipiante.it\/de\/wp-json\/wp\/v2\/product_cat?post=15353"},{"taxonomy":"product_tag","embeddable":true,"href":"https:\/\/innocentiemangonipiante.it\/de\/wp-json\/wp\/v2\/product_tag?post=15353"}],"curies":[{"name":"wp","href":"https:\/\/api.w.org\/{rel}","templated":true}]}}