{"id":15357,"date":"2023-11-04T02:10:15","date_gmt":"2023-11-04T01:10:15","guid":{"rendered":"http:\/\/innocentiemangonipiante.it\/phillyrea-angustifolia\/"},"modified":"2023-11-06T19:22:49","modified_gmt":"2023-11-06T18:22:49","slug":"phillyrea-angustifolia","status":"publish","type":"product","link":"https:\/\/innocentiemangonipiante.it\/de\/phillyrea-angustifolia\/","title":{"rendered":"PHILLYREA angustifolia"},"content":{"rendered":"<p>Immergr\u00fcner buschiger, dichter Strauch, mit schmalen, linearen, dunkelgr\u00fcnen, bis 6cm langen Bl\u00e4ttern. Die weissen, duftenden Bl\u00fcten erscheinen am Fr\u00fchlingsende oder Sommeranfang, gefolgt von schwarz-blauen rundlichen Beeren.<\/p>\n","protected":false},"excerpt":{"rendered":"<p>Immergr\u00fcner buschiger, dichter Strauch, mit schmalen, linearen, dunkelgr\u00fcnen, bis 6cm langen Bl\u00e4ttern. Die weissen, duftenden Bl\u00fcten erscheinen am Fr\u00fchlingsende oder Sommeranfang, gefolgt von schwarz-blauen rundlichen Beeren.<\/p>\n","protected":false},"featured_media":4349,"template":"","meta":{"_acf_changed":false},"product_brand":[],"product_cat":[8816,9231],"product_tag":[10898,8487,8705,8498,8597],"class_list":{"0":"post-15357","1":"product","2":"type-product","3":"status-publish","4":"has-post-thumbnail","6":"product_cat-hartnaeckige-baeume-und-straeucher","7":"product_cat-baume-und-pflanzen-der-zukunft","8":"product_tag-naturlichen","9":"product_tag-kasten","10":"product_tag-kugel","11":"product_tag-mehrstammig-mit-schirmformiger-krone","12":"product_tag-multistamm","13":"pa_altezza-massima-200-de","14":"pa_altezza-massima-300-de","15":"pa_colore-fioritura-weis","16":"pa_condizionamento-clt-de","17":"pa_condizionamento-jungplanzen","18":"pa_famiglia-oleaceae-de","19":"pa_genere-phillyrea-de","20":"pa_origine-europaischen-mittelmeeres","21":"pa_periodo-fioritura-juni","22":"pa_periodo-fioritura-mai-de","23":"pa_periodo-fruttificazione-juli","24":"pa_portamento-arrotondato-de","25":"pa_profumo-intensiv","26":"pa_resistenza-climatica-sehr-hoch","27":"pa_resistenza-del-suolo-bestandig-gegen-kalkhaltige-boden","28":"pa_salinita-bestaendigkeit-in-meeresluft","29":"pa_utilizzo-balkone","30":"pa_utilizzo-hecken","31":"pa_utilizzo-kleine-gaerten","33":"first","34":"instock","35":"purchasable","36":"product-type-simple"},"acf":[],"_links":{"self":[{"href":"https:\/\/innocentiemangonipiante.it\/de\/wp-json\/wp\/v2\/product\/15357","targetHints":{"allow":["GET"]}}],"collection":[{"href":"https:\/\/innocentiemangonipiante.it\/de\/wp-json\/wp\/v2\/product"}],"about":[{"href":"https:\/\/innocentiemangonipiante.it\/de\/wp-json\/wp\/v2\/types\/product"}],"wp:featuredmedia":[{"embeddable":true,"href":"https:\/\/innocentiemangonipiante.it\/de\/wp-json\/wp\/v2\/media\/4349"}],"wp:attachment":[{"href":"https:\/\/innocentiemangonipiante.it\/de\/wp-json\/wp\/v2\/media?parent=15357"}],"wp:term":[{"taxonomy":"product_brand","embeddable":true,"href":"https:\/\/innocentiemangonipiante.it\/de\/wp-json\/wp\/v2\/product_brand?post=15357"},{"taxonomy":"product_cat","embeddable":true,"href":"https:\/\/innocentiemangonipiante.it\/de\/wp-json\/wp\/v2\/product_cat?post=15357"},{"taxonomy":"product_tag","embeddable":true,"href":"https:\/\/innocentiemangonipiante.it\/de\/wp-json\/wp\/v2\/product_tag?post=15357"}],"curies":[{"name":"wp","href":"https:\/\/api.w.org\/{rel}","templated":true}]}}