{"id":15368,"date":"2023-11-04T02:12:25","date_gmt":"2023-11-04T01:12:25","guid":{"rendered":"http:\/\/innocentiemangonipiante.it\/phormium-pink-stripe\/"},"modified":"2023-11-06T19:24:22","modified_gmt":"2023-11-06T18:24:22","slug":"phormium-pink-stripe","status":"publish","type":"product","link":"https:\/\/innocentiemangonipiante.it\/de\/phormium-pink-stripe\/","title":{"rendered":"PHORMIUM &#8218;Pink Stripe&#8216;"},"content":{"rendered":"<p>Bl\u00e4tter mit bronze-dunkelgr\u00fcner F\u00e4rbung mit breitem, hellrosa Rand.<\/p>\n","protected":false},"excerpt":{"rendered":"<p>Bl\u00e4tter mit bronze-dunkelgr\u00fcner F\u00e4rbung mit breitem, hellrosa Rand.<\/p>\n","protected":false},"featured_media":4374,"template":"","meta":{"_acf_changed":false},"product_brand":[],"product_cat":[8816],"product_tag":[10898],"class_list":{"0":"post-15368","1":"product","2":"type-product","3":"status-publish","4":"has-post-thumbnail","6":"product_cat-hartnaeckige-baeume-und-straeucher","7":"product_tag-naturlichen","8":"pa_altezza-massima-150-de","9":"pa_altezza-massima-200-de","10":"pa_colore-delle-foglie-vielfaeltigen","11":"pa_famiglia-phormiaceae-de","12":"pa_genere-phormium-de","13":"pa_origine-neuseeland-de","14":"pa_portamento-eretto-de","15":"pa_resistenza-climatica-mittel","16":"pa_resistenza-del-suolo-bestandig-gegen-trockene-boden","17":"pa_utilizzo-balkone","18":"pa_utilizzo-kleine-gaerten","20":"first","21":"instock","22":"purchasable","23":"product-type-simple"},"acf":[],"_links":{"self":[{"href":"https:\/\/innocentiemangonipiante.it\/de\/wp-json\/wp\/v2\/product\/15368","targetHints":{"allow":["GET"]}}],"collection":[{"href":"https:\/\/innocentiemangonipiante.it\/de\/wp-json\/wp\/v2\/product"}],"about":[{"href":"https:\/\/innocentiemangonipiante.it\/de\/wp-json\/wp\/v2\/types\/product"}],"wp:featuredmedia":[{"embeddable":true,"href":"https:\/\/innocentiemangonipiante.it\/de\/wp-json\/wp\/v2\/media\/4374"}],"wp:attachment":[{"href":"https:\/\/innocentiemangonipiante.it\/de\/wp-json\/wp\/v2\/media?parent=15368"}],"wp:term":[{"taxonomy":"product_brand","embeddable":true,"href":"https:\/\/innocentiemangonipiante.it\/de\/wp-json\/wp\/v2\/product_brand?post=15368"},{"taxonomy":"product_cat","embeddable":true,"href":"https:\/\/innocentiemangonipiante.it\/de\/wp-json\/wp\/v2\/product_cat?post=15368"},{"taxonomy":"product_tag","embeddable":true,"href":"https:\/\/innocentiemangonipiante.it\/de\/wp-json\/wp\/v2\/product_tag?post=15368"}],"curies":[{"name":"wp","href":"https:\/\/api.w.org\/{rel}","templated":true}]}}