{"id":15371,"date":"2023-11-04T02:15:19","date_gmt":"2023-11-04T01:15:19","guid":{"rendered":"http:\/\/innocentiemangonipiante.it\/photinia-x-fraseri-red-robin\/"},"modified":"2023-11-06T19:26:47","modified_gmt":"2023-11-06T18:26:47","slug":"photinia-x-fraseri-red-robin","status":"publish","type":"product","link":"https:\/\/innocentiemangonipiante.it\/de\/photinia-x-fraseri-red-robin\/","title":{"rendered":"PHOTINIA x fraseri &#8218;Red Robin&#8216;"},"content":{"rendered":"<p>Immergr\u00fcner aufrechter Strauch mit umgekehrt lanzettartigen bis elliptischen, ledernen und dunkelgr\u00fcnen Bl\u00e4ttern, die beim Jungwuchs bronzefarben und lebhaft rot sind. Mitte bis Sp\u00e4tfr\u00fchjahr bl\u00fchen Rispen mit wei\u00dfen Bl\u00fcten.<\/p>\n","protected":false},"excerpt":{"rendered":"<p>Immergr\u00fcner aufrechter Strauch mit umgekehrt lanzettartigen bis elliptischen, ledernen und dunkelgr\u00fcnen Bl\u00e4ttern, die beim Jungwuchs bronzefarben und lebhaft rot sind. Mitte bis Sp\u00e4tfr\u00fchjahr bl\u00fchen Rispen mit wei\u00dfen Bl\u00fcten.<\/p>\n","protected":false},"featured_media":4448,"template":"","meta":{"_acf_changed":false},"product_brand":[],"product_cat":[8816],"product_tag":[10898,8453,8736,8565,8581,8401,8433,8409,8425,8487,8536,8705,8498,8751,8540],"class_list":{"0":"post-15371","1":"product","2":"type-product","3":"status-publish","4":"has-post-thumbnail","6":"product_cat-hartnaeckige-baeume-und-straeucher","7":"product_tag-naturlichen","8":"product_tag-bogen","9":"product_tag-fusstamm","10":"product_tag-halbstamm","11":"product_tag-halbstamm-spalier","12":"product_tag-hochstamm","13":"product_tag-hochstamm-dach","14":"product_tag-hochstamm-kegel","15":"product_tag-hochstamm-spalier","16":"product_tag-kasten","17":"product_tag-kegel","18":"product_tag-kugel","19":"product_tag-mehrstammig-mit-schirmformiger-krone","20":"product_tag-spalier","21":"product_tag-wurfel","22":"pa_altezza-massima-300-de","23":"pa_altezza-massima-500-de","24":"pa_colore-fioritura-weis","25":"pa_condizionamento-clt-de","26":"pa_condizionamento-jungplanzen","27":"pa_condizionamento-schale","28":"pa_condizionamento-viereckigertops","29":"pa_famiglia-rosaceae-de","30":"pa_genere-photinia-de","31":"pa_origine-neuseeland-de","32":"pa_periodo-fioritura-april-de","33":"pa_periodo-fioritura-maerz","34":"pa_portamento-eretto-de","35":"pa_profumo-zart","36":"pa_resistenza-climatica-mittel-hoch","37":"pa_resistenza-del-suolo-bestandig-gegen-kalkhaltige-boden","38":"pa_resistenza-del-suolo-bestandig-gegen-trockene-boden","39":"pa_salinita-bestaendigkeit-in-meeresluft","40":"pa_utilizzo-hecken","41":"pa_utilizzo-kleine-gaerten","43":"first","44":"instock","45":"purchasable","46":"product-type-simple"},"acf":[],"_links":{"self":[{"href":"https:\/\/innocentiemangonipiante.it\/de\/wp-json\/wp\/v2\/product\/15371","targetHints":{"allow":["GET"]}}],"collection":[{"href":"https:\/\/innocentiemangonipiante.it\/de\/wp-json\/wp\/v2\/product"}],"about":[{"href":"https:\/\/innocentiemangonipiante.it\/de\/wp-json\/wp\/v2\/types\/product"}],"wp:featuredmedia":[{"embeddable":true,"href":"https:\/\/innocentiemangonipiante.it\/de\/wp-json\/wp\/v2\/media\/4448"}],"wp:attachment":[{"href":"https:\/\/innocentiemangonipiante.it\/de\/wp-json\/wp\/v2\/media?parent=15371"}],"wp:term":[{"taxonomy":"product_brand","embeddable":true,"href":"https:\/\/innocentiemangonipiante.it\/de\/wp-json\/wp\/v2\/product_brand?post=15371"},{"taxonomy":"product_cat","embeddable":true,"href":"https:\/\/innocentiemangonipiante.it\/de\/wp-json\/wp\/v2\/product_cat?post=15371"},{"taxonomy":"product_tag","embeddable":true,"href":"https:\/\/innocentiemangonipiante.it\/de\/wp-json\/wp\/v2\/product_tag?post=15371"}],"curies":[{"name":"wp","href":"https:\/\/api.w.org\/{rel}","templated":true}]}}