{"id":15375,"date":"2023-11-04T02:14:49","date_gmt":"2023-11-04T01:14:49","guid":{"rendered":"http:\/\/innocentiemangonipiante.it\/photinia-x-fraseri-magical-volcano\/"},"modified":"2023-11-06T19:26:26","modified_gmt":"2023-11-06T18:26:26","slug":"photinia-x-fraseri-magical-volcano","status":"publish","type":"product","link":"https:\/\/innocentiemangonipiante.it\/de\/photinia-x-fraseri-magical-volcano\/","title":{"rendered":"PHOTINIA x fraseri &#8218;Magical Volcano&#8216; \u00ae"},"content":{"rendered":"<p>Eine Sorte, die sich durch extrem gezackte Blattr\u00e4nder, einen kompakten Wuchs und eine l\u00e4nger anhaltende Rotf\u00e4rbung der neuen Triebe auszeichnet.<\/p>\n","protected":false},"excerpt":{"rendered":"<p>Eine Sorte, die sich durch extrem gezackte Blattr\u00e4nder, einen kompakten Wuchs und eine l\u00e4nger anhaltende Rotf\u00e4rbung der neuen Triebe auszeichnet.<\/p>\n","protected":false},"featured_media":4434,"template":"","meta":{"_acf_changed":false},"product_brand":[],"product_cat":[8816],"product_tag":[10898,8565],"class_list":{"0":"post-15375","1":"product","2":"type-product","3":"status-publish","4":"has-post-thumbnail","6":"product_cat-hartnaeckige-baeume-und-straeucher","7":"product_tag-naturlichen","8":"product_tag-halbstamm","9":"pa_altezza-massima-200-de","10":"pa_altezza-massima-300-de","11":"pa_colore-delle-foglie-roten","12":"pa_colore-fioritura-weis","13":"pa_condizionamento-clt-de","14":"pa_condizionamento-jungplanzen","15":"pa_famiglia-rosaceae-de","16":"pa_genere-photinia-de","17":"pa_origine-holland-de","18":"pa_periodo-fioritura-april-de","19":"pa_periodo-fioritura-maerz","20":"pa_portamento-eretto-de","21":"pa_profumo-zart","22":"pa_resistenza-climatica-sehr-hoch","23":"pa_resistenza-del-suolo-bestandig-gegen-kalkhaltige-boden","24":"pa_resistenza-del-suolo-bestandig-gegen-trockene-boden","25":"pa_salinita-bestaendigkeit-in-meeresluft","26":"pa_utilizzo-hecken","27":"pa_utilizzo-kleine-gaerten","28":"pa_utilizzo-parks-de","30":"first","31":"instock","32":"purchasable","33":"product-type-simple"},"acf":[],"_links":{"self":[{"href":"https:\/\/innocentiemangonipiante.it\/de\/wp-json\/wp\/v2\/product\/15375","targetHints":{"allow":["GET"]}}],"collection":[{"href":"https:\/\/innocentiemangonipiante.it\/de\/wp-json\/wp\/v2\/product"}],"about":[{"href":"https:\/\/innocentiemangonipiante.it\/de\/wp-json\/wp\/v2\/types\/product"}],"wp:featuredmedia":[{"embeddable":true,"href":"https:\/\/innocentiemangonipiante.it\/de\/wp-json\/wp\/v2\/media\/4434"}],"wp:attachment":[{"href":"https:\/\/innocentiemangonipiante.it\/de\/wp-json\/wp\/v2\/media?parent=15375"}],"wp:term":[{"taxonomy":"product_brand","embeddable":true,"href":"https:\/\/innocentiemangonipiante.it\/de\/wp-json\/wp\/v2\/product_brand?post=15375"},{"taxonomy":"product_cat","embeddable":true,"href":"https:\/\/innocentiemangonipiante.it\/de\/wp-json\/wp\/v2\/product_cat?post=15375"},{"taxonomy":"product_tag","embeddable":true,"href":"https:\/\/innocentiemangonipiante.it\/de\/wp-json\/wp\/v2\/product_tag?post=15375"}],"curies":[{"name":"wp","href":"https:\/\/api.w.org\/{rel}","templated":true}]}}