{"id":15376,"date":"2023-11-04T02:14:09","date_gmt":"2023-11-04T01:14:09","guid":{"rendered":"http:\/\/innocentiemangonipiante.it\/photinia-x-fraseri-carre-rouge\/"},"modified":"2023-11-06T19:25:40","modified_gmt":"2023-11-06T18:25:40","slug":"photinia-x-fraseri-carre-rouge","status":"publish","type":"product","link":"https:\/\/innocentiemangonipiante.it\/de\/photinia-x-fraseri-carre-rouge\/","title":{"rendered":"PHOTINIA x fraseri &#8218;Carr\u00e9 Rouge&#8216;"},"content":{"rendered":"<p>Persistent Strauch viel verzweigt und kompakt. Gro\u00dfe, ovale und intensive rote Bl\u00e4tter, die dann zu einem sch\u00f6nen gl\u00e4nzend dunkelgr\u00fcn.<\/p>\n","protected":false},"excerpt":{"rendered":"<p>Persistent Strauch viel verzweigt und kompakt. Gro\u00dfe, ovale und intensive rote Bl\u00e4tter, die dann zu einem sch\u00f6nen gl\u00e4nzend dunkelgr\u00fcn.<\/p>\n","protected":false},"featured_media":4423,"template":"","meta":{"_acf_changed":false},"product_brand":[],"product_cat":[8816],"product_tag":[10898,8736,8565,8487,8705,8498,8717,8751],"class_list":{"0":"post-15376","1":"product","2":"type-product","3":"status-publish","4":"has-post-thumbnail","6":"product_cat-hartnaeckige-baeume-und-straeucher","7":"product_tag-naturlichen","8":"product_tag-fusstamm","9":"product_tag-halbstamm","10":"product_tag-kasten","11":"product_tag-kugel","12":"product_tag-mehrstammig-mit-schirmformiger-krone","13":"product_tag-pompons-de","14":"product_tag-spalier","15":"pa_altezza-massima-200-de","16":"pa_altezza-massima-300-de","17":"pa_colore-delle-foglie-roten","18":"pa_colore-fioritura-weis","19":"pa_condizionamento-clt-de","20":"pa_condizionamento-jungplanzen","21":"pa_condizionamento-schale","22":"pa_condizionamento-viereckigertops","23":"pa_famiglia-rosaceae-de","24":"pa_genere-photinia-de","25":"pa_origine-frankreich","26":"pa_periodo-fioritura-april-de","27":"pa_periodo-fioritura-maerz","28":"pa_portamento-eretto-de","29":"pa_profumo-zart","30":"pa_resistenza-climatica-mittel-hoch","31":"pa_resistenza-del-suolo-bestandig-gegen-kalkhaltige-boden","32":"pa_resistenza-del-suolo-bestandig-gegen-trockene-boden","33":"pa_salinita-bestaendigkeit-in-meeresluft","34":"pa_utilizzo-balkone","35":"pa_utilizzo-hecken","36":"pa_utilizzo-kleine-gaerten","37":"pa_utilizzo-parks-de","39":"first","40":"instock","41":"purchasable","42":"product-type-simple"},"acf":[],"_links":{"self":[{"href":"https:\/\/innocentiemangonipiante.it\/de\/wp-json\/wp\/v2\/product\/15376","targetHints":{"allow":["GET"]}}],"collection":[{"href":"https:\/\/innocentiemangonipiante.it\/de\/wp-json\/wp\/v2\/product"}],"about":[{"href":"https:\/\/innocentiemangonipiante.it\/de\/wp-json\/wp\/v2\/types\/product"}],"wp:featuredmedia":[{"embeddable":true,"href":"https:\/\/innocentiemangonipiante.it\/de\/wp-json\/wp\/v2\/media\/4423"}],"wp:attachment":[{"href":"https:\/\/innocentiemangonipiante.it\/de\/wp-json\/wp\/v2\/media?parent=15376"}],"wp:term":[{"taxonomy":"product_brand","embeddable":true,"href":"https:\/\/innocentiemangonipiante.it\/de\/wp-json\/wp\/v2\/product_brand?post=15376"},{"taxonomy":"product_cat","embeddable":true,"href":"https:\/\/innocentiemangonipiante.it\/de\/wp-json\/wp\/v2\/product_cat?post=15376"},{"taxonomy":"product_tag","embeddable":true,"href":"https:\/\/innocentiemangonipiante.it\/de\/wp-json\/wp\/v2\/product_tag?post=15376"}],"curies":[{"name":"wp","href":"https:\/\/api.w.org\/{rel}","templated":true}]}}