{"id":15377,"date":"2023-11-04T02:16:48","date_gmt":"2023-11-04T01:16:48","guid":{"rendered":"http:\/\/innocentiemangonipiante.it\/physocarpus-opulifolius-midnight\/"},"modified":"2023-11-06T19:28:34","modified_gmt":"2023-11-06T18:28:34","slug":"physocarpus-opulifolius-midnight","status":"publish","type":"product","link":"https:\/\/innocentiemangonipiante.it\/de\/physocarpus-opulifolius-midnight\/","title":{"rendered":"PHYSOCARPUS opulifolius &#8218;Midnight&#8216; \u00ae"},"content":{"rendered":"<p>Purpurschwarzes Laub, rosa und wei\u00dfe Bl\u00fcten im Fr\u00fchjahr.<\/p>\n","protected":false},"excerpt":{"rendered":"<p>Purpurschwarzes Laub, rosa und wei\u00dfe Bl\u00fcten im Fr\u00fchjahr.<\/p>\n","protected":false},"featured_media":4466,"template":"","meta":{"_acf_changed":false},"product_brand":[],"product_cat":[8813],"product_tag":[10898],"class_list":{"0":"post-15377","1":"product","2":"type-product","3":"status-publish","4":"has-post-thumbnail","6":"product_cat-laubbaume-und-straucher","7":"product_tag-naturlichen","8":"pa_altezza-massima-120-de","9":"pa_altezza-massima-150-de","10":"pa_colore-delle-foglie-roten","11":"pa_colore-fioritura-rose-de","12":"pa_condizionamento-clt-de","13":"pa_famiglia-rosaceae-de","14":"pa_genere-physocarpus-de","15":"pa_origine-u-s-a","16":"pa_periodo-fioritura-april-de","17":"pa_periodo-fioritura-mai-de","18":"pa_portamento-arrotondato-de","19":"pa_resistenza-climatica-sehr-hoch","20":"pa_resistenza-del-suolo-bestandigkeit-auf-feuchten-boden","21":"pa_utilizzo-balkone","22":"pa_utilizzo-kleine-gaerten","24":"first","25":"instock","26":"purchasable","27":"product-type-simple"},"acf":[],"_links":{"self":[{"href":"https:\/\/innocentiemangonipiante.it\/de\/wp-json\/wp\/v2\/product\/15377","targetHints":{"allow":["GET"]}}],"collection":[{"href":"https:\/\/innocentiemangonipiante.it\/de\/wp-json\/wp\/v2\/product"}],"about":[{"href":"https:\/\/innocentiemangonipiante.it\/de\/wp-json\/wp\/v2\/types\/product"}],"wp:featuredmedia":[{"embeddable":true,"href":"https:\/\/innocentiemangonipiante.it\/de\/wp-json\/wp\/v2\/media\/4466"}],"wp:attachment":[{"href":"https:\/\/innocentiemangonipiante.it\/de\/wp-json\/wp\/v2\/media?parent=15377"}],"wp:term":[{"taxonomy":"product_brand","embeddable":true,"href":"https:\/\/innocentiemangonipiante.it\/de\/wp-json\/wp\/v2\/product_brand?post=15377"},{"taxonomy":"product_cat","embeddable":true,"href":"https:\/\/innocentiemangonipiante.it\/de\/wp-json\/wp\/v2\/product_cat?post=15377"},{"taxonomy":"product_tag","embeddable":true,"href":"https:\/\/innocentiemangonipiante.it\/de\/wp-json\/wp\/v2\/product_tag?post=15377"}],"curies":[{"name":"wp","href":"https:\/\/api.w.org\/{rel}","templated":true}]}}