{"id":15379,"date":"2023-11-04T02:16:13","date_gmt":"2023-11-04T01:16:13","guid":{"rendered":"http:\/\/innocentiemangonipiante.it\/physocarpus-opulifolius-darts-gold\/"},"modified":"2023-11-06T19:28:16","modified_gmt":"2023-11-06T18:28:16","slug":"physocarpus-opulifolius-darts-gold","status":"publish","type":"product","link":"https:\/\/innocentiemangonipiante.it\/de\/physocarpus-opulifolius-darts-gold\/","title":{"rendered":"PHYSOCARPUS opulifolius &#8218;Dart&#8217;s Gold&#8216;"},"content":{"rendered":"<p>Dieser Strauch zeichnet sich durch sein von Fr\u00fchjahr bis Sp\u00e4tsommer goldgelbes Blattwerk und seine besonders sch\u00f6ne herbstliche F\u00e4rbung aus.<\/p>\n","protected":false},"excerpt":{"rendered":"<p>Dieser Strauch zeichnet sich durch sein von Fr\u00fchjahr bis Sp\u00e4tsommer goldgelbes Blattwerk und seine besonders sch\u00f6ne herbstliche F\u00e4rbung aus.<\/p>\n","protected":false},"featured_media":4454,"template":"","meta":{"_acf_changed":false},"product_brand":[],"product_cat":[8813],"product_tag":[10898],"class_list":{"0":"post-15379","1":"product","2":"type-product","3":"status-publish","4":"has-post-thumbnail","6":"product_cat-laubbaume-und-straucher","7":"product_tag-naturlichen","8":"pa_altezza-massima-150-de","9":"pa_altezza-massima-200-de","10":"pa_colore-delle-foglie-gelben","11":"pa_colore-fioritura-weis","12":"pa_condizionamento-clt-de","13":"pa_condizionamento-jungplanzen","14":"pa_famiglia-rosaceae-de","15":"pa_genere-physocarpus-de","16":"pa_origine-u-s-a","17":"pa_periodo-fioritura-juli","18":"pa_periodo-fioritura-juni","19":"pa_portamento-arrotondato-de","20":"pa_resistenza-climatica-sehr-hoch","21":"pa_resistenza-del-suolo-bestandigkeit-auf-feuchten-boden","22":"pa_utilizzo-kleine-gaerten","23":"pa_utilizzo-parks-de","25":"first","26":"instock","27":"purchasable","28":"product-type-simple"},"acf":[],"_links":{"self":[{"href":"https:\/\/innocentiemangonipiante.it\/de\/wp-json\/wp\/v2\/product\/15379","targetHints":{"allow":["GET"]}}],"collection":[{"href":"https:\/\/innocentiemangonipiante.it\/de\/wp-json\/wp\/v2\/product"}],"about":[{"href":"https:\/\/innocentiemangonipiante.it\/de\/wp-json\/wp\/v2\/types\/product"}],"wp:featuredmedia":[{"embeddable":true,"href":"https:\/\/innocentiemangonipiante.it\/de\/wp-json\/wp\/v2\/media\/4454"}],"wp:attachment":[{"href":"https:\/\/innocentiemangonipiante.it\/de\/wp-json\/wp\/v2\/media?parent=15379"}],"wp:term":[{"taxonomy":"product_brand","embeddable":true,"href":"https:\/\/innocentiemangonipiante.it\/de\/wp-json\/wp\/v2\/product_brand?post=15379"},{"taxonomy":"product_cat","embeddable":true,"href":"https:\/\/innocentiemangonipiante.it\/de\/wp-json\/wp\/v2\/product_cat?post=15379"},{"taxonomy":"product_tag","embeddable":true,"href":"https:\/\/innocentiemangonipiante.it\/de\/wp-json\/wp\/v2\/product_tag?post=15379"}],"curies":[{"name":"wp","href":"https:\/\/api.w.org\/{rel}","templated":true}]}}