{"id":15385,"date":"2023-11-04T02:18:26","date_gmt":"2023-11-04T01:18:26","guid":{"rendered":"http:\/\/innocentiemangonipiante.it\/picea-pungens-edith\/"},"modified":"2023-11-06T19:29:42","modified_gmt":"2023-11-06T18:29:42","slug":"picea-pungens-edith","status":"publish","type":"product","link":"https:\/\/innocentiemangonipiante.it\/de\/picea-pungens-edith\/","title":{"rendered":"PICEA pungens &#8218;Edith&#8216;"},"content":{"rendered":"<p>Nadelbaum mit konischer Form und langsamem Wuchs. An den waagerechten oder leicht nach oben gerichteten \u00c4sten wachsen hellblaue Nadeln. Sie bringt im Sommer l\u00e4ngliche gr\u00fcne Zapfen hervor, die bis zum Herbst hellbraun heranreifen.<\/p>\n","protected":false},"excerpt":{"rendered":"<p>Nadelbaum mit konischer Form und langsamem Wuchs. An den waagerechten oder leicht nach oben gerichteten \u00c4sten wachsen hellblaue Nadeln. Sie bringt im Sommer l\u00e4ngliche gr\u00fcne Zapfen hervor, die bis zum Herbst hellbraun heranreifen.<\/p>\n","protected":false},"featured_media":4509,"template":"","meta":{"_acf_changed":false},"product_brand":[],"product_cat":[8825],"product_tag":[10898],"class_list":{"0":"post-15385","1":"product","2":"type-product","3":"status-publish","4":"has-post-thumbnail","6":"product_cat-koniferen","7":"product_tag-naturlichen","8":"pa_altezza-massima-300-de","9":"pa_altezza-massima-350-de","10":"pa_colore-delle-foglie-blau","11":"pa_condizionamento-clt-de","12":"pa_condizionamento-m-de","13":"pa_famiglia-pinaceae-de","14":"pa_genere-picea-de","15":"pa_origine-ungarn","16":"pa_portamento-conico-de","17":"pa_resistenza-climatica-sehr-hoch","18":"pa_resistenza-del-suolo-bestandig-gegen-trockene-boden","19":"pa_resistenza-del-suolo-bestandigkeit-auf-feuchten-boden","20":"pa_utilizzo-kleine-gaerten","21":"pa_utilizzo-parks-de","23":"first","24":"instock","25":"purchasable","26":"product-type-simple"},"acf":[],"_links":{"self":[{"href":"https:\/\/innocentiemangonipiante.it\/de\/wp-json\/wp\/v2\/product\/15385","targetHints":{"allow":["GET"]}}],"collection":[{"href":"https:\/\/innocentiemangonipiante.it\/de\/wp-json\/wp\/v2\/product"}],"about":[{"href":"https:\/\/innocentiemangonipiante.it\/de\/wp-json\/wp\/v2\/types\/product"}],"wp:featuredmedia":[{"embeddable":true,"href":"https:\/\/innocentiemangonipiante.it\/de\/wp-json\/wp\/v2\/media\/4509"}],"wp:attachment":[{"href":"https:\/\/innocentiemangonipiante.it\/de\/wp-json\/wp\/v2\/media?parent=15385"}],"wp:term":[{"taxonomy":"product_brand","embeddable":true,"href":"https:\/\/innocentiemangonipiante.it\/de\/wp-json\/wp\/v2\/product_brand?post=15385"},{"taxonomy":"product_cat","embeddable":true,"href":"https:\/\/innocentiemangonipiante.it\/de\/wp-json\/wp\/v2\/product_cat?post=15385"},{"taxonomy":"product_tag","embeddable":true,"href":"https:\/\/innocentiemangonipiante.it\/de\/wp-json\/wp\/v2\/product_tag?post=15385"}],"curies":[{"name":"wp","href":"https:\/\/api.w.org\/{rel}","templated":true}]}}