{"id":15386,"date":"2023-11-04T02:18:18","date_gmt":"2023-11-04T01:18:18","guid":{"rendered":"http:\/\/innocentiemangonipiante.it\/picea-pungens-blue-diamond\/"},"modified":"2023-11-06T19:29:40","modified_gmt":"2023-11-06T18:29:40","slug":"picea-pungens-blue-diamond","status":"publish","type":"product","link":"https:\/\/innocentiemangonipiante.it\/de\/picea-pungens-blue-diamond\/","title":{"rendered":"PICEA pungens &#8218;Blue Diamond&#8216; \u00ae"},"content":{"rendered":"<p>Nadeln sind dunkelblau mit Silber Farbnuancen. W\u00e4chst etwa 15 cm pro Jahr, und nur dann 10 cm. Von der Basis gut verzweigt und w\u00e4chst in einer Pyramidenform, sauber und regul\u00e4r. Braucht auch keine signifikante Beschneiden.<\/p>\n","protected":false},"excerpt":{"rendered":"<p>Nadeln sind dunkelblau mit Silber Farbnuancen. W\u00e4chst etwa 15 cm pro Jahr, und nur dann 10 cm. Von der Basis gut verzweigt und w\u00e4chst in einer Pyramidenform, sauber und regul\u00e4r. Braucht auch keine signifikante Beschneiden.<\/p>\n","protected":false},"featured_media":4503,"template":"","meta":{"_acf_changed":false},"product_brand":[],"product_cat":[8825],"product_tag":[10898],"class_list":{"0":"post-15386","1":"product","2":"type-product","3":"status-publish","4":"has-post-thumbnail","6":"product_cat-koniferen","7":"product_tag-naturlichen","8":"pa_altezza-massima-800-de","9":"pa_altezza-massima-1000-de-2","10":"pa_colore-delle-foglie-blau","11":"pa_condizionamento-clt-de","12":"pa_condizionamento-m-de","13":"pa_famiglia-pinaceae-de","14":"pa_genere-picea-de","15":"pa_inquinamento-bestaendigkeit-gegen-smog","16":"pa_origine-u-s-a","17":"pa_portamento-conico-de","18":"pa_resistenza-climatica-sehr-hoch","19":"pa_resistenza-del-suolo-bestandig-gegen-kalkhaltige-boden","20":"pa_resistenza-del-suolo-bestandig-gegen-trockene-boden","21":"pa_salinita-bestaendigkeit-in-meeresluft","22":"pa_utilizzo-kleine-gaerten","23":"pa_utilizzo-parks-de","25":"first","26":"instock","27":"purchasable","28":"product-type-simple"},"acf":[],"_links":{"self":[{"href":"https:\/\/innocentiemangonipiante.it\/de\/wp-json\/wp\/v2\/product\/15386","targetHints":{"allow":["GET"]}}],"collection":[{"href":"https:\/\/innocentiemangonipiante.it\/de\/wp-json\/wp\/v2\/product"}],"about":[{"href":"https:\/\/innocentiemangonipiante.it\/de\/wp-json\/wp\/v2\/types\/product"}],"wp:featuredmedia":[{"embeddable":true,"href":"https:\/\/innocentiemangonipiante.it\/de\/wp-json\/wp\/v2\/media\/4503"}],"wp:attachment":[{"href":"https:\/\/innocentiemangonipiante.it\/de\/wp-json\/wp\/v2\/media?parent=15386"}],"wp:term":[{"taxonomy":"product_brand","embeddable":true,"href":"https:\/\/innocentiemangonipiante.it\/de\/wp-json\/wp\/v2\/product_brand?post=15386"},{"taxonomy":"product_cat","embeddable":true,"href":"https:\/\/innocentiemangonipiante.it\/de\/wp-json\/wp\/v2\/product_cat?post=15386"},{"taxonomy":"product_tag","embeddable":true,"href":"https:\/\/innocentiemangonipiante.it\/de\/wp-json\/wp\/v2\/product_tag?post=15386"}],"curies":[{"name":"wp","href":"https:\/\/api.w.org\/{rel}","templated":true}]}}