{"id":15390,"date":"2023-11-04T02:17:20","date_gmt":"2023-11-04T01:17:20","guid":{"rendered":"http:\/\/innocentiemangonipiante.it\/picea-abies-inversa\/"},"modified":"2023-11-06T19:29:13","modified_gmt":"2023-11-06T18:29:13","slug":"picea-abies-inversa","status":"publish","type":"product","link":"https:\/\/innocentiemangonipiante.it\/de\/picea-abies-inversa\/","title":{"rendered":"PICEA abies &#8218;Inversa&#8216;"},"content":{"rendered":"<p>Langsam wachsende Cultivar. Die Zweigen wachsen sehr unregelm\u00e4\u00dfig und herabh\u00e4ngend. Geeignet f\u00fcr kleine G\u00e4rten.<\/p>\n","protected":false},"excerpt":{"rendered":"<p>Langsam wachsende Cultivar. Die Zweigen wachsen sehr unregelm\u00e4\u00dfig und herabh\u00e4ngend. Geeignet f\u00fcr kleine G\u00e4rten.<\/p>\n","protected":false},"featured_media":4484,"template":"","meta":{"_acf_changed":false},"product_brand":[],"product_cat":[8825],"product_tag":[10898],"class_list":{"0":"post-15390","1":"product","2":"type-product","3":"status-publish","4":"has-post-thumbnail","6":"product_cat-koniferen","7":"product_tag-naturlichen","8":"pa_altezza-massima-600-de","9":"pa_altezza-massima-900-de","10":"pa_condizionamento-clt-de","11":"pa_condizionamento-m-de","12":"pa_famiglia-pinaceae-de","13":"pa_genere-picea-de","14":"pa_origine-norwegen","15":"pa_portamento-piangente-de","16":"pa_resistenza-climatica-sehr-hoch","17":"pa_utilizzo-kleine-gaerten","18":"pa_utilizzo-parks-de","20":"first","21":"instock","22":"purchasable","23":"product-type-simple"},"acf":[],"_links":{"self":[{"href":"https:\/\/innocentiemangonipiante.it\/de\/wp-json\/wp\/v2\/product\/15390","targetHints":{"allow":["GET"]}}],"collection":[{"href":"https:\/\/innocentiemangonipiante.it\/de\/wp-json\/wp\/v2\/product"}],"about":[{"href":"https:\/\/innocentiemangonipiante.it\/de\/wp-json\/wp\/v2\/types\/product"}],"wp:featuredmedia":[{"embeddable":true,"href":"https:\/\/innocentiemangonipiante.it\/de\/wp-json\/wp\/v2\/media\/4484"}],"wp:attachment":[{"href":"https:\/\/innocentiemangonipiante.it\/de\/wp-json\/wp\/v2\/media?parent=15390"}],"wp:term":[{"taxonomy":"product_brand","embeddable":true,"href":"https:\/\/innocentiemangonipiante.it\/de\/wp-json\/wp\/v2\/product_brand?post=15390"},{"taxonomy":"product_cat","embeddable":true,"href":"https:\/\/innocentiemangonipiante.it\/de\/wp-json\/wp\/v2\/product_cat?post=15390"},{"taxonomy":"product_tag","embeddable":true,"href":"https:\/\/innocentiemangonipiante.it\/de\/wp-json\/wp\/v2\/product_tag?post=15390"}],"curies":[{"name":"wp","href":"https:\/\/api.w.org\/{rel}","templated":true}]}}