{"id":15393,"date":"2023-11-04T02:19:43","date_gmt":"2023-11-04T01:19:43","guid":{"rendered":"http:\/\/innocentiemangonipiante.it\/pieris-japonica-mountain-fire\/"},"modified":"2023-11-06T19:30:27","modified_gmt":"2023-11-06T18:30:27","slug":"pieris-japonica-mountain-fire","status":"publish","type":"product","link":"https:\/\/innocentiemangonipiante.it\/de\/pieris-japonica-mountain-fire\/","title":{"rendered":"PIERIS japonica &#8218;Mountain Fire&#8216;"},"content":{"rendered":"<p>Immergr\u00fcner, aufrechter Strauch, langsam wachsend. Die schmalen lanzettlichen, bis 12 cm langen Bl\u00e4tter, sind dunkelgr\u00fcn. Junger Austrieb leuchtend braunrot.<\/p>\n","protected":false},"excerpt":{"rendered":"<p>Immergr\u00fcner, aufrechter Strauch, langsam wachsend. Die schmalen lanzettlichen, bis 12 cm langen Bl\u00e4tter, sind dunkelgr\u00fcn. Junger Austrieb leuchtend braunrot.<\/p>\n","protected":false},"featured_media":23819,"template":"","meta":{"_acf_changed":false},"product_brand":[],"product_cat":[8816],"product_tag":[10898],"class_list":{"0":"post-15393","1":"product","2":"type-product","3":"status-publish","4":"has-post-thumbnail","6":"product_cat-hartnaeckige-baeume-und-straeucher","7":"product_tag-naturlichen","8":"pa_altezza-massima-200-de","9":"pa_altezza-massima-400-de","10":"pa_colore-fioritura-weis","11":"pa_condizionamento-clt-de","12":"pa_famiglia-ericaceae-de","13":"pa_genere-pieris-de","14":"pa_inquinamento-bestaendigkeit-gegen-smog","15":"pa_origine-u-s-a","16":"pa_periodo-fioritura-april-de","17":"pa_periodo-fioritura-mai-de","18":"pa_portamento-eretto-de","19":"pa_resistenza-climatica-mittel-hoch","20":"pa_utilizzo-kleine-gaerten","21":"pa_utilizzo-parks-de","23":"first","24":"instock","25":"purchasable","26":"product-type-simple"},"acf":[],"_links":{"self":[{"href":"https:\/\/innocentiemangonipiante.it\/de\/wp-json\/wp\/v2\/product\/15393","targetHints":{"allow":["GET"]}}],"collection":[{"href":"https:\/\/innocentiemangonipiante.it\/de\/wp-json\/wp\/v2\/product"}],"about":[{"href":"https:\/\/innocentiemangonipiante.it\/de\/wp-json\/wp\/v2\/types\/product"}],"wp:featuredmedia":[{"embeddable":true,"href":"https:\/\/innocentiemangonipiante.it\/de\/wp-json\/wp\/v2\/media\/23819"}],"wp:attachment":[{"href":"https:\/\/innocentiemangonipiante.it\/de\/wp-json\/wp\/v2\/media?parent=15393"}],"wp:term":[{"taxonomy":"product_brand","embeddable":true,"href":"https:\/\/innocentiemangonipiante.it\/de\/wp-json\/wp\/v2\/product_brand?post=15393"},{"taxonomy":"product_cat","embeddable":true,"href":"https:\/\/innocentiemangonipiante.it\/de\/wp-json\/wp\/v2\/product_cat?post=15393"},{"taxonomy":"product_tag","embeddable":true,"href":"https:\/\/innocentiemangonipiante.it\/de\/wp-json\/wp\/v2\/product_tag?post=15393"}],"curies":[{"name":"wp","href":"https:\/\/api.w.org\/{rel}","templated":true}]}}