{"id":15394,"date":"2023-11-04T02:19:36","date_gmt":"2023-11-04T01:19:36","guid":{"rendered":"http:\/\/innocentiemangonipiante.it\/pieris-japonica-katsura\/"},"modified":"2023-11-06T19:30:24","modified_gmt":"2023-11-06T18:30:24","slug":"pieris-japonica-katsura","status":"publish","type":"product","link":"https:\/\/innocentiemangonipiante.it\/de\/pieris-japonica-katsura\/","title":{"rendered":"PIERIS japonica &#8218;Katsura&#8216;"},"content":{"rendered":"<p>Immergr\u00fcner Strauch mit kompaktem Habitus, langsam wachsend, mit dunkelgr\u00fcnen Bl\u00e4ttern. Diese Selektion ist wundersch\u00f6n f\u00fcr seine weisse, reichhaltige Bl\u00fcte und f\u00fcr die intensivroten neuen Triebe.<\/p>\n","protected":false},"excerpt":{"rendered":"<p>Immergr\u00fcner Strauch mit kompaktem Habitus, langsam wachsend, mit dunkelgr\u00fcnen Bl\u00e4ttern. Diese Selektion ist wundersch\u00f6n f\u00fcr seine weisse, reichhaltige Bl\u00fcte und f\u00fcr die intensivroten neuen Triebe.<\/p>\n","protected":false},"featured_media":23814,"template":"","meta":{"_acf_changed":false},"product_brand":[],"product_cat":[8816],"product_tag":[10898],"class_list":{"0":"post-15394","1":"product","2":"type-product","3":"status-publish","4":"has-post-thumbnail","6":"product_cat-hartnaeckige-baeume-und-straeucher","7":"product_tag-naturlichen","8":"pa_altezza-massima-100-de","9":"pa_altezza-massima-150-de","10":"pa_colore-fioritura-weis","11":"pa_condizionamento-clt-de","12":"pa_famiglia-ericaceae-de","13":"pa_genere-pieris-de","14":"pa_inquinamento-bestaendigkeit-gegen-smog","15":"pa_origine-asien","16":"pa_periodo-fioritura-maerz","17":"pa_portamento-arrotondato-de","18":"pa_resistenza-climatica-sehr-hoch","19":"pa_utilizzo-kleine-gaerten","21":"first","22":"instock","23":"purchasable","24":"product-type-simple"},"acf":[],"_links":{"self":[{"href":"https:\/\/innocentiemangonipiante.it\/de\/wp-json\/wp\/v2\/product\/15394","targetHints":{"allow":["GET"]}}],"collection":[{"href":"https:\/\/innocentiemangonipiante.it\/de\/wp-json\/wp\/v2\/product"}],"about":[{"href":"https:\/\/innocentiemangonipiante.it\/de\/wp-json\/wp\/v2\/types\/product"}],"wp:featuredmedia":[{"embeddable":true,"href":"https:\/\/innocentiemangonipiante.it\/de\/wp-json\/wp\/v2\/media\/23814"}],"wp:attachment":[{"href":"https:\/\/innocentiemangonipiante.it\/de\/wp-json\/wp\/v2\/media?parent=15394"}],"wp:term":[{"taxonomy":"product_brand","embeddable":true,"href":"https:\/\/innocentiemangonipiante.it\/de\/wp-json\/wp\/v2\/product_brand?post=15394"},{"taxonomy":"product_cat","embeddable":true,"href":"https:\/\/innocentiemangonipiante.it\/de\/wp-json\/wp\/v2\/product_cat?post=15394"},{"taxonomy":"product_tag","embeddable":true,"href":"https:\/\/innocentiemangonipiante.it\/de\/wp-json\/wp\/v2\/product_tag?post=15394"}],"curies":[{"name":"wp","href":"https:\/\/api.w.org\/{rel}","templated":true}]}}