{"id":15395,"date":"2023-11-04T02:19:30","date_gmt":"2023-11-04T01:19:30","guid":{"rendered":"http:\/\/innocentiemangonipiante.it\/pieris-japonica-forest-flame\/"},"modified":"2023-11-06T19:30:21","modified_gmt":"2023-11-06T18:30:21","slug":"pieris-japonica-forest-flame","status":"publish","type":"product","link":"https:\/\/innocentiemangonipiante.it\/de\/pieris-japonica-forest-flame\/","title":{"rendered":"PIERIS japonica &#8218;Forest Flame&#8216;"},"content":{"rendered":"<p>Immergr\u00fcner aufrechter Strauch mit d\u00fcnnen, umgekehrt lanzettartigen und fein gez\u00e4hnten Bl\u00e4ttern, die beim Jungwuchs lebhaft rot sind, sp\u00e4ter wei\u00df und dann gr\u00fcn werden.Von Mitte bis Sp\u00e4tfr\u00fchjahr bl\u00fchen wei\u00dfe Rispenbl\u00fcten.<\/p>\n","protected":false},"excerpt":{"rendered":"<p>Immergr\u00fcner aufrechter Strauch mit d\u00fcnnen, umgekehrt lanzettartigen und fein gez\u00e4hnten Bl\u00e4ttern, die beim Jungwuchs lebhaft rot sind, sp\u00e4ter wei\u00df und dann gr\u00fcn werden.Von Mitte bis Sp\u00e4tfr\u00fchjahr bl\u00fchen wei\u00dfe Rispenbl\u00fcten.<\/p>\n","protected":false},"featured_media":4556,"template":"","meta":{"_acf_changed":false},"product_brand":[],"product_cat":[8816],"product_tag":[10898],"class_list":{"0":"post-15395","1":"product","2":"type-product","3":"status-publish","4":"has-post-thumbnail","6":"product_cat-hartnaeckige-baeume-und-straeucher","7":"product_tag-naturlichen","8":"pa_altezza-massima-150-de","9":"pa_altezza-massima-200-de","10":"pa_colore-fioritura-weis","11":"pa_condizionamento-clt-de","12":"pa_famiglia-ericaceae-de","13":"pa_genere-pieris-de","14":"pa_inquinamento-bestaendigkeit-gegen-smog","15":"pa_origine-nordeuropa-de-2","16":"pa_periodo-fioritura-maerz","17":"pa_portamento-eretto-de","18":"pa_resistenza-climatica-sehr-hoch","19":"pa_utilizzo-kleine-gaerten","21":"first","22":"instock","23":"purchasable","24":"product-type-simple"},"acf":[],"_links":{"self":[{"href":"https:\/\/innocentiemangonipiante.it\/de\/wp-json\/wp\/v2\/product\/15395","targetHints":{"allow":["GET"]}}],"collection":[{"href":"https:\/\/innocentiemangonipiante.it\/de\/wp-json\/wp\/v2\/product"}],"about":[{"href":"https:\/\/innocentiemangonipiante.it\/de\/wp-json\/wp\/v2\/types\/product"}],"wp:featuredmedia":[{"embeddable":true,"href":"https:\/\/innocentiemangonipiante.it\/de\/wp-json\/wp\/v2\/media\/4556"}],"wp:attachment":[{"href":"https:\/\/innocentiemangonipiante.it\/de\/wp-json\/wp\/v2\/media?parent=15395"}],"wp:term":[{"taxonomy":"product_brand","embeddable":true,"href":"https:\/\/innocentiemangonipiante.it\/de\/wp-json\/wp\/v2\/product_brand?post=15395"},{"taxonomy":"product_cat","embeddable":true,"href":"https:\/\/innocentiemangonipiante.it\/de\/wp-json\/wp\/v2\/product_cat?post=15395"},{"taxonomy":"product_tag","embeddable":true,"href":"https:\/\/innocentiemangonipiante.it\/de\/wp-json\/wp\/v2\/product_tag?post=15395"}],"curies":[{"name":"wp","href":"https:\/\/api.w.org\/{rel}","templated":true}]}}